{"id":42387,"date":"2026-04-19T15:27:20","date_gmt":"2026-04-19T15:27:20","guid":{"rendered":"https:\/\/singuli.wpress.me\/index.php\/proizvod\/medex-kolagenlift-ampule-10-bocica-x-9-ml\/"},"modified":"2026-04-21T00:27:17","modified_gmt":"2026-04-21T00:27:17","slug":"medex-kolagenlift-ampule-10-bocica-x-9-ml","status":"publish","type":"product","link":"https:\/\/singuli.wpress.me\/index.php\/proizvod\/medex-kolagenlift-ampule-10-bocica-x-9-ml\/","title":{"rendered":"MEDEX Kolagenlift, ampule, 10 bo\u010dica x 9 ml"},"content":{"rendered":"<p>Zaustavite vrijeme koje ostavlja tragove na va\u0161oj ko\u017ei. Uzimajte Kolagenlift.   Kolagen Verisol <sup>\u00ae <\/sup> bjelan\u010devina je s posebnim aminokiselinskim sastavom i dobrom bioraspolo\u017eivo\u0161\u0107u. Sadr\u017ei male molekule kolagena koje se u\u010dinkovito apsorbiraju u ko\u017eu i nahrane je iznutra. Hijaluronska kiselina ispuni prostor izme\u0111u kolagenih vlakana, a dodani niacin pridonosi o\u010duvanju zdrave ko\u017ee. Kolagen je najzastupljenija bjelan\u010devina u ljudskome tijelu i spada u strukturne proteine s funkcijom davanja potpore i oblika. Va\u017ean je graditelj zglobne hrskavice, ko\u017ee, noktiju i kose.  Nakon 20. godine proces stvaranja kolagena u tijelu se uspori, zato ko\u017ea s godinama gubi \u010dvrstinu i elasti\u010dnost, po\u010dinju se pojavljivati prve bore. Posljedica smanjenja koli\u010dine hijaluronska kiseline jest da ko\u017ea postaje suha i opala. Redovitim uzimanjem Kolagenlifta svoju \u0107ete ko\u017eu nahraniti iznutra i vratiti joj ono \u0161to joj priroda s vremenom oduzima. Proizvod je u bo\u010dicama koje omogu\u0107uju jednostavno dnevno kori\u0161tenje. <\/p>\n<p><span style=\"font-weight: bold\">Na\u010din primjene:<\/span> Preporu\u010dena dnevna koli\u010dina jest sadr\u017eaj jedne bo\u010dice. Popijte je samostalno ili razrije\u0111enu vodom. Preporu\u010deno je najmanje 60-dnevno uzimanje.<\/p>\n<p>Sastojci u preporu\u010denoj dnevnoj koli\u010dini (1 bo\u010dica= 9 ml): kolagen VERISOL\u00ae 2,5 g, hijaluronska kiselina 30 mg, niacin 4.8mg (30% PDU).<\/p>\n","protected":false},"excerpt":{"rendered":"<p>Preparat za ljepotu koji se pije neposredno iz bo\u010dice.<br \/>\nJedinstvena kombinacija kolagena, hijaluronske kiseline i niacina<br \/>\nS patentiranim oblikom kolagena Verisol\u00ae<\/p>\n","protected":false},"featured_media":0,"template":"","meta":{"_seopress_robots_primary_cat":"","_seopress_titles_title":"","_seopress_titles_desc":"","_seopress_robots_index":"","iawp_total_views":0},"product_brand":[415],"product_cat":[268,278],"product_tag":[],"class_list":{"0":"post-42387","1":"product","2":"type-product","3":"status-publish","5":"product_brand-medex","6":"product_cat-kozmetika-2","7":"product_cat-njega-tijela-268","9":"first","10":"outofstock","11":"shipping-taxable","12":"purchasable","13":"product-type-simple"},"_links":{"self":[{"href":"https:\/\/singuli.wpress.me\/index.php\/wp-json\/wp\/v2\/product\/42387","targetHints":{"allow":["GET"]}}],"collection":[{"href":"https:\/\/singuli.wpress.me\/index.php\/wp-json\/wp\/v2\/product"}],"about":[{"href":"https:\/\/singuli.wpress.me\/index.php\/wp-json\/wp\/v2\/types\/product"}],"version-history":[{"count":0,"href":"https:\/\/singuli.wpress.me\/index.php\/wp-json\/wp\/v2\/product\/42387\/revisions"}],"wp:attachment":[{"href":"https:\/\/singuli.wpress.me\/index.php\/wp-json\/wp\/v2\/media?parent=42387"}],"wp:term":[{"taxonomy":"product_brand","embeddable":true,"href":"https:\/\/singuli.wpress.me\/index.php\/wp-json\/wp\/v2\/product_brand?post=42387"},{"taxonomy":"product_cat","embeddable":true,"href":"https:\/\/singuli.wpress.me\/index.php\/wp-json\/wp\/v2\/product_cat?post=42387"},{"taxonomy":"product_tag","embeddable":true,"href":"https:\/\/singuli.wpress.me\/index.php\/wp-json\/wp\/v2\/product_tag?post=42387"}],"curies":[{"name":"wp","href":"https:\/\/api.w.org\/{rel}","templated":true}]}}