{"id":42388,"date":"2026-04-19T15:27:20","date_gmt":"2026-04-19T15:27:20","guid":{"rendered":"https:\/\/singuli.wpress.me\/index.php\/proizvod\/laica-ks5016-srce-kuhinjska-vaga\/"},"modified":"2026-04-20T12:33:45","modified_gmt":"2026-04-20T12:33:45","slug":"laica-ks5016-srce-kuhinjska-vaga","status":"publish","type":"product","link":"https:\/\/singuli.wpress.me\/index.php\/proizvod\/laica-ks5016-srce-kuhinjska-vaga\/","title":{"rendered":"LAICA KS5016 Srce, kuhinjska vaga"},"content":{"rendered":"<p>Digitalna elektronska vaga Laica KS5016 savr\u0161en je izbor za sve kuhinjske entuzijaste koji tra\u017ee vagu koja \u0107e osvje\u017eiti i uljep\u0161ati izgled njihove kuhinje. <\/p>\n<p>Sa svojom staklenom plo\u010dom od kaljenog stakla lako se \u010disti, pogodna je za vaganje svih vrsta namirnica, maksimalne nosivosti do 15 kg.<\/p>\n","protected":false},"excerpt":{"rendered":"<p>Atraktivan i odva\u017ean izgled koji uljep\u0161ava svaku kuhinju.<br \/>\n\u010citljiv LCD zaslon i senzor za dodir za jednostavno kori\u0161tenje.<br \/>\nPrecizna mjerenja do 15 kg s odstupanjem prikaza do 1 g.<\/p>\n","protected":false},"featured_media":0,"template":"","meta":{"_seopress_robots_primary_cat":"","_seopress_titles_title":"","_seopress_titles_desc":"","_seopress_robots_index":"","iawp_total_views":0},"product_brand":[148],"product_cat":[266,265,160],"product_tag":[],"class_list":{"0":"post-42388","1":"product","2":"type-product","3":"status-publish","5":"product_brand-laica","6":"product_cat-aparati-za-kuhanje-265","7":"product_cat-kuhinjski-aparati-160","8":"product_cat-mali-kucanski-aparati","10":"first","11":"outofstock","12":"shipping-taxable","13":"purchasable","14":"product-type-simple"},"_links":{"self":[{"href":"https:\/\/singuli.wpress.me\/index.php\/wp-json\/wp\/v2\/product\/42388","targetHints":{"allow":["GET"]}}],"collection":[{"href":"https:\/\/singuli.wpress.me\/index.php\/wp-json\/wp\/v2\/product"}],"about":[{"href":"https:\/\/singuli.wpress.me\/index.php\/wp-json\/wp\/v2\/types\/product"}],"version-history":[{"count":0,"href":"https:\/\/singuli.wpress.me\/index.php\/wp-json\/wp\/v2\/product\/42388\/revisions"}],"wp:attachment":[{"href":"https:\/\/singuli.wpress.me\/index.php\/wp-json\/wp\/v2\/media?parent=42388"}],"wp:term":[{"taxonomy":"product_brand","embeddable":true,"href":"https:\/\/singuli.wpress.me\/index.php\/wp-json\/wp\/v2\/product_brand?post=42388"},{"taxonomy":"product_cat","embeddable":true,"href":"https:\/\/singuli.wpress.me\/index.php\/wp-json\/wp\/v2\/product_cat?post=42388"},{"taxonomy":"product_tag","embeddable":true,"href":"https:\/\/singuli.wpress.me\/index.php\/wp-json\/wp\/v2\/product_tag?post=42388"}],"curies":[{"name":"wp","href":"https:\/\/api.w.org\/{rel}","templated":true}]}}