{"id":42393,"date":"2026-04-19T15:27:22","date_gmt":"2026-04-19T15:27:22","guid":{"rendered":"https:\/\/singuli.wpress.me\/index.php\/proizvod\/argina-s3-40-motorno-ulje-1000-l\/"},"modified":"2026-04-20T12:33:45","modified_gmt":"2026-04-20T12:33:45","slug":"argina-s3-40-motorno-ulje-1000-l","status":"publish","type":"product","link":"https:\/\/singuli.wpress.me\/index.php\/proizvod\/argina-s3-40-motorno-ulje-1000-l\/","title":{"rendered":"ARGINA S3 40, motorno ulje, 1000\u00a0l"},"content":{"rendered":"<p>Vi\u0161enamjensko kartersko ulje za visoko u\u010dinkovite srednjohodne brodske dizelske motore koji tro\u0161e ostala brodska goriva ili destilatna dizel goriva. Shell Argina S3 40 ima BN od 30 i dizajnirano je za uvjete umjerenog stresa ulja. Odlikuje ga odli\u010dna otpornost na oksidaciju, optimizirana razina deterd\u017eenta \u0161to dovodi do izuzetno \u010distog kartera, ventila i klipa. Formulacija je dodatno pobolj\u0161ana da smanji nastajanje taloga u kriti\u010dnim prostorima, npr. klipu i klipnom prstenu. Niska disperzivnost u\u010dinkovito uklanja one\u010di\u0161\u0107enja i vodu u centrifugalnim separatorima.<\/p>\n<p><span style=\"font-weight: bold\">Specifikacija:<\/span> Wartsilla, MAN<\/p>\n","protected":false},"excerpt":{"rendered":"<p>Ulje za \u010detverotaktne srednjohodne dizel motore<br \/>\nOtpornost na oksidaciju<br \/>\nNiska disperzivnost<\/p>\n","protected":false},"featured_media":0,"template":"","meta":{"_seopress_robots_primary_cat":"","_seopress_titles_title":"","_seopress_titles_desc":"","_seopress_robots_index":"","iawp_total_views":0},"product_brand":[455],"product_cat":[243,276],"product_tag":[],"class_list":{"0":"post-42393","1":"product","2":"type-product","3":"status-publish","5":"product_brand-argina","6":"product_cat-automobili-i-motori","7":"product_cat-industrijska-i-specijalna-ulja-243","9":"first","10":"outofstock","11":"shipping-taxable","12":"purchasable","13":"product-type-simple"},"_links":{"self":[{"href":"https:\/\/singuli.wpress.me\/index.php\/wp-json\/wp\/v2\/product\/42393","targetHints":{"allow":["GET"]}}],"collection":[{"href":"https:\/\/singuli.wpress.me\/index.php\/wp-json\/wp\/v2\/product"}],"about":[{"href":"https:\/\/singuli.wpress.me\/index.php\/wp-json\/wp\/v2\/types\/product"}],"version-history":[{"count":0,"href":"https:\/\/singuli.wpress.me\/index.php\/wp-json\/wp\/v2\/product\/42393\/revisions"}],"wp:attachment":[{"href":"https:\/\/singuli.wpress.me\/index.php\/wp-json\/wp\/v2\/media?parent=42393"}],"wp:term":[{"taxonomy":"product_brand","embeddable":true,"href":"https:\/\/singuli.wpress.me\/index.php\/wp-json\/wp\/v2\/product_brand?post=42393"},{"taxonomy":"product_cat","embeddable":true,"href":"https:\/\/singuli.wpress.me\/index.php\/wp-json\/wp\/v2\/product_cat?post=42393"},{"taxonomy":"product_tag","embeddable":true,"href":"https:\/\/singuli.wpress.me\/index.php\/wp-json\/wp\/v2\/product_tag?post=42393"}],"curies":[{"name":"wp","href":"https:\/\/api.w.org\/{rel}","templated":true}]}}