{"id":42398,"date":"2026-04-19T15:27:23","date_gmt":"2026-04-19T15:27:23","guid":{"rendered":"https:\/\/singuli.wpress.me\/index.php\/proizvod\/shell-sprej-za-ciscenje-kokpita-0-3-l\/"},"modified":"2026-04-21T00:27:17","modified_gmt":"2026-04-21T00:27:17","slug":"shell-sprej-za-ciscenje-kokpita-0-3-l","status":"publish","type":"product","link":"https:\/\/singuli.wpress.me\/index.php\/proizvod\/shell-sprej-za-ciscenje-kokpita-0-3-l\/","title":{"rendered":"SHELL, sprej za \u010di\u0161\u0107enje kokpita, 0.3\u00a0l"},"content":{"rendered":"<p>Visokokvalitetni sprej za \u010di\u0161\u0107enje i <br \/>\nodr\u017eavanje armaturne plo\u010de i unutarnjih dijelova automobila od vinila, plastike i gume. U\u010dinkovito obnavlja i osvje\u017eava izvornu boju o\u010di\u0161\u0107enih povr\u0161ina. Uklanja otiske prstiju, mrlje i drugu prljav\u0161tinu. Ne ostavlja mrlje i masne tragove. Sadr\u017ei prirodni p\u010delinji vosak i UV filter. Ograni\u010dava nakupljanje pra\u0161ine\/ ostavlja zavr\u0161ni sloj koji odbija pra\u0161inu.  Prikladno za glatke i teksturirane povr\u0161ine.<\/p>\n","protected":false},"excerpt":{"rendered":"<p>Sprej za \u010di\u0161\u0107enje i odr\u017eavanje armaturne plo\u010de i unutarnjih dijelova  automobila od vinila, plastike i gume<br \/>\nVisokokvalitetni sprej za \u010di\u0161\u0107enje i odr\u017eavanje armaturne  plo\u010de i unutarnjih dijelova automobila od vinila, plastike i gume<br \/>\nUklanja otiske prstiju, mrlje i drugu prljav\u0161tinu<\/p>\n","protected":false},"featured_media":0,"template":"","meta":{"_seopress_robots_primary_cat":"","_seopress_titles_title":"","_seopress_titles_desc":"","_seopress_robots_index":"","iawp_total_views":0},"product_brand":[326],"product_cat":[243,273],"product_tag":[],"class_list":{"0":"post-42398","1":"product","2":"type-product","3":"status-publish","5":"product_brand-shell","6":"product_cat-automobili-i-motori","7":"product_cat-njega-vozila-243","9":"first","10":"instock","11":"shipping-taxable","12":"purchasable","13":"product-type-simple"},"_links":{"self":[{"href":"https:\/\/singuli.wpress.me\/index.php\/wp-json\/wp\/v2\/product\/42398","targetHints":{"allow":["GET"]}}],"collection":[{"href":"https:\/\/singuli.wpress.me\/index.php\/wp-json\/wp\/v2\/product"}],"about":[{"href":"https:\/\/singuli.wpress.me\/index.php\/wp-json\/wp\/v2\/types\/product"}],"version-history":[{"count":0,"href":"https:\/\/singuli.wpress.me\/index.php\/wp-json\/wp\/v2\/product\/42398\/revisions"}],"wp:attachment":[{"href":"https:\/\/singuli.wpress.me\/index.php\/wp-json\/wp\/v2\/media?parent=42398"}],"wp:term":[{"taxonomy":"product_brand","embeddable":true,"href":"https:\/\/singuli.wpress.me\/index.php\/wp-json\/wp\/v2\/product_brand?post=42398"},{"taxonomy":"product_cat","embeddable":true,"href":"https:\/\/singuli.wpress.me\/index.php\/wp-json\/wp\/v2\/product_cat?post=42398"},{"taxonomy":"product_tag","embeddable":true,"href":"https:\/\/singuli.wpress.me\/index.php\/wp-json\/wp\/v2\/product_tag?post=42398"}],"curies":[{"name":"wp","href":"https:\/\/api.w.org\/{rel}","templated":true}]}}