{"id":42400,"date":"2026-04-19T15:27:24","date_gmt":"2026-04-19T15:27:24","guid":{"rendered":"https:\/\/singuli.wpress.me\/index.php\/proizvod\/mr-proper-professional-sredstvo-za-ciscenje-ocean-5-l\/"},"modified":"2026-04-20T12:33:45","modified_gmt":"2026-04-20T12:33:45","slug":"mr-proper-professional-sredstvo-za-ciscenje-ocean-5-l","status":"publish","type":"product","link":"https:\/\/singuli.wpress.me\/index.php\/proizvod\/mr-proper-professional-sredstvo-za-ciscenje-ocean-5-l\/","title":{"rendered":"MR. PROPER PROFESSIONAL, sredstvo za \u010di\u0161\u0107enje, Ocean, 5\u00a0l"},"content":{"rendered":"<p>Mr. Proper Ocean, profesionalno sredstvo za \u010di\u0161\u0107enje podova i razli\u010ditih povr\u0161ina, \u010disti za 5 zvjezdica te ostavlja dugotrajan sjaj na svim perivim tvrdim povr\u0161inama i podovima.<\/p>\n","protected":false},"excerpt":{"rendered":"<p>Rastapa i uklanja najrazli\u010ditije prljav\u0161tine<br \/>\nTemeljita \u010disto\u0107a<br \/>\nIntenzivna svje\u017eina<\/p>\n","protected":false},"featured_media":0,"template":"","meta":{"_seopress_robots_primary_cat":"","_seopress_titles_title":"","_seopress_titles_desc":"","_seopress_robots_index":"","iawp_total_views":0},"product_brand":[468],"product_cat":[284,238],"product_tag":[],"class_list":{"0":"post-42400","1":"product","2":"type-product","3":"status-publish","5":"product_brand-mr-proper-professional","6":"product_cat-sredstva-za-ciscenje-238","7":"product_cat-sve-za-dom","9":"first","10":"instock","11":"shipping-taxable","12":"purchasable","13":"product-type-simple"},"_links":{"self":[{"href":"https:\/\/singuli.wpress.me\/index.php\/wp-json\/wp\/v2\/product\/42400","targetHints":{"allow":["GET"]}}],"collection":[{"href":"https:\/\/singuli.wpress.me\/index.php\/wp-json\/wp\/v2\/product"}],"about":[{"href":"https:\/\/singuli.wpress.me\/index.php\/wp-json\/wp\/v2\/types\/product"}],"version-history":[{"count":0,"href":"https:\/\/singuli.wpress.me\/index.php\/wp-json\/wp\/v2\/product\/42400\/revisions"}],"wp:attachment":[{"href":"https:\/\/singuli.wpress.me\/index.php\/wp-json\/wp\/v2\/media?parent=42400"}],"wp:term":[{"taxonomy":"product_brand","embeddable":true,"href":"https:\/\/singuli.wpress.me\/index.php\/wp-json\/wp\/v2\/product_brand?post=42400"},{"taxonomy":"product_cat","embeddable":true,"href":"https:\/\/singuli.wpress.me\/index.php\/wp-json\/wp\/v2\/product_cat?post=42400"},{"taxonomy":"product_tag","embeddable":true,"href":"https:\/\/singuli.wpress.me\/index.php\/wp-json\/wp\/v2\/product_tag?post=42400"}],"curies":[{"name":"wp","href":"https:\/\/api.w.org\/{rel}","templated":true}]}}