{"id":42402,"date":"2026-04-19T15:27:24","date_gmt":"2026-04-19T15:27:24","guid":{"rendered":"https:\/\/singuli.wpress.me\/index.php\/proizvod\/clearblue-digital-test-za-utvrdivanje-trudnoce-s-pokazateljem-tjedana-51-kom\/"},"modified":"2026-04-20T12:33:45","modified_gmt":"2026-04-20T12:33:45","slug":"clearblue-digital-test-za-utvrdivanje-trudnoce-s-pokazateljem-tjedana-51-kom","status":"publish","type":"product","link":"https:\/\/singuli.wpress.me\/index.php\/proizvod\/clearblue-digital-test-za-utvrdivanje-trudnoce-s-pokazateljem-tjedana-51-kom\/","title":{"rendered":"CLEARBLUE Digital, test za utvr\u0111ivanje trudno\u0107e, s pokazateljem tjedana, 5+1 kom"},"content":{"rendered":"<p>Pokazuje koliko ste tjedana trudni.<br \/>\nTest Clearblue Digital za utvr\u0111ivanje trudno\u0107e s pokazateljem tjedana prvi je i jedini test koji je pouzdan kao i ultrazvuk u utvr\u0111ivanju trajanja trudno\u0107e**. <\/p>\n<p>Njegov Smart Dual Sensor \u2122 vam pokazuje ne samo jeste li trudni \u2018+\u2019 ili niste \u2018-\u2019 nego vam prikazuje i koliko vremena ste trudni. On je poput 2 testa u 1 &#8211; prvo, uz pouzdanost ve\u0107u od 99 % od dana va\u0161e o\u010dekivane mjese\u010dnice, utvr\u0111uje je li prisutan hormon trudno\u0107e te, ako ste trudni, tako\u0111er prikazuje koliko je tjedana pro\u0161lo od za\u010de\u0107a 1-2, 2-3 ili vi\u0161e od 3 tjedan (3+). <\/p>\n<p>Pouzdanost pokazatelja tjedana u odre\u0111ivanju kada ste zanijeli je 93 %. <\/p>\n<p>Vrlo osjetljiv da se mo\u017eete testirati do 5 dana prije va\u0161e izostale mjese\u010dnice *.  <\/p>\n<p>Na digitalnom zaslonu prikazani su besprijekorno jasni digitalni rezultati. Rezultat \u201eTrudno\u0107a\u201c \u2018+\u2019 ili \u201eNije trudno\u0107a\u201c \u2018-\u2019 prikazuje se na zaslonu u roku od 3 minute. Ako je rezultat \u201eTrudno\u0107a\u201c \u2018+\u2019, test \u0107e tako\u0111er pokazati vrijeme koje proteklo od kada ste zanijeli (1-2, 2-3 ili 3+ tjedana).<\/p>\n<p>* Mo\u017eete ga upotrebljavati 5 dana prije va\u0161e izostale mjese\u010dnice (\u0161to je 4 dana prije o\u010dekivane mjese\u010dnice). U laboratorijskim ispitivanjima, 98 % rezultata \u201eTrudno\u0107a\u201c utvr\u0111eno je dan prije o\u010dekivane mjese\u010dnice, 97 % utvr\u0111eno je 2 dana prije. 90 % 3 dana prije i 65 % 4 dana prije o\u010dekivane mjese\u010dnice.<br \/>\n** Rezultat pokazatelja tjedana 97 % potvr\u0111en je kasnijim ultrazvu\u010dnim utvr\u0111ivanjem trajanja trudno\u0107e. Na osnovu ispitivanja 187 \u017eena u usporedbi s rezultatima (1-2, 2-3, 3+ tjedna od za\u010de\u0107a) ultrazvu\u010dnog utvr\u0111ivanja trajanja trudno\u0107e.<\/p>\n","protected":false},"excerpt":{"rendered":"<p>Clearblue Digital test za utvr\u0111ivanje trudno\u0107e s pokazateljem tjedana<br \/>\nRezultati unutar 3 minute<br \/>\n5 dana prije izostale mjese\u010dnice<\/p>\n","protected":false},"featured_media":0,"template":"","meta":{"_seopress_robots_primary_cat":"","_seopress_titles_title":"","_seopress_titles_desc":"","_seopress_robots_index":"","iawp_total_views":0},"product_brand":[753],"product_cat":[211,289],"product_tag":[],"class_list":{"0":"post-42402","1":"product","2":"type-product","3":"status-publish","5":"product_brand-clearblue","6":"product_cat-njega-majke-i-djeteta","7":"product_cat-trudnoca-i-vitamini-211","9":"first","10":"instock","11":"shipping-taxable","12":"purchasable","13":"product-type-simple"},"_links":{"self":[{"href":"https:\/\/singuli.wpress.me\/index.php\/wp-json\/wp\/v2\/product\/42402","targetHints":{"allow":["GET"]}}],"collection":[{"href":"https:\/\/singuli.wpress.me\/index.php\/wp-json\/wp\/v2\/product"}],"about":[{"href":"https:\/\/singuli.wpress.me\/index.php\/wp-json\/wp\/v2\/types\/product"}],"version-history":[{"count":0,"href":"https:\/\/singuli.wpress.me\/index.php\/wp-json\/wp\/v2\/product\/42402\/revisions"}],"wp:attachment":[{"href":"https:\/\/singuli.wpress.me\/index.php\/wp-json\/wp\/v2\/media?parent=42402"}],"wp:term":[{"taxonomy":"product_brand","embeddable":true,"href":"https:\/\/singuli.wpress.me\/index.php\/wp-json\/wp\/v2\/product_brand?post=42402"},{"taxonomy":"product_cat","embeddable":true,"href":"https:\/\/singuli.wpress.me\/index.php\/wp-json\/wp\/v2\/product_cat?post=42402"},{"taxonomy":"product_tag","embeddable":true,"href":"https:\/\/singuli.wpress.me\/index.php\/wp-json\/wp\/v2\/product_tag?post=42402"}],"curies":[{"name":"wp","href":"https:\/\/api.w.org\/{rel}","templated":true}]}}