{"id":42403,"date":"2026-04-19T15:27:25","date_gmt":"2026-04-19T15:27:25","guid":{"rendered":"https:\/\/singuli.wpress.me\/index.php\/proizvod\/natureta-krastavci-s-cilijem-280-g\/"},"modified":"2026-04-20T12:33:45","modified_gmt":"2026-04-20T12:33:45","slug":"natureta-krastavci-s-cilijem-280-g","status":"publish","type":"product","link":"https:\/\/singuli.wpress.me\/index.php\/proizvod\/natureta-krastavci-s-cilijem-280-g\/","title":{"rendered":"NATURETA, krastavci, s cilijem, 280\u00a0g"},"content":{"rendered":"<p>Natureta kiseli krastavci posebno su popularni za pripremu narezaka zbog svog malog oblika. <\/p>\n<p>Me\u0111utim, izvrsni su i za bilo koju vrstu sendvi\u010da. <\/p>\n<p>\u010cili daje zavr\u0161ni \u0161tih za sve ljubitelje ljute hrane.<\/p>\n","protected":false},"excerpt":{"rendered":"<p>Kiseli krastavci s \u010dilijem<br \/>\nIzvrstan okus<br \/>\nTradicionalna receptura<\/p>\n","protected":false},"featured_media":0,"template":"","meta":{"_seopress_robots_primary_cat":"","_seopress_titles_title":"","_seopress_titles_desc":"","_seopress_robots_index":"","iawp_total_views":0},"product_brand":[811],"product_cat":[261,299],"product_tag":[],"class_list":{"0":"post-42403","1":"product","2":"type-product","3":"status-publish","5":"product_brand-natureta","6":"product_cat-hrana-i-pice","7":"product_cat-konzervirana-i-gotova-hrana-261","9":"first","10":"outofstock","11":"shipping-taxable","12":"purchasable","13":"product-type-simple"},"_links":{"self":[{"href":"https:\/\/singuli.wpress.me\/index.php\/wp-json\/wp\/v2\/product\/42403","targetHints":{"allow":["GET"]}}],"collection":[{"href":"https:\/\/singuli.wpress.me\/index.php\/wp-json\/wp\/v2\/product"}],"about":[{"href":"https:\/\/singuli.wpress.me\/index.php\/wp-json\/wp\/v2\/types\/product"}],"version-history":[{"count":0,"href":"https:\/\/singuli.wpress.me\/index.php\/wp-json\/wp\/v2\/product\/42403\/revisions"}],"wp:attachment":[{"href":"https:\/\/singuli.wpress.me\/index.php\/wp-json\/wp\/v2\/media?parent=42403"}],"wp:term":[{"taxonomy":"product_brand","embeddable":true,"href":"https:\/\/singuli.wpress.me\/index.php\/wp-json\/wp\/v2\/product_brand?post=42403"},{"taxonomy":"product_cat","embeddable":true,"href":"https:\/\/singuli.wpress.me\/index.php\/wp-json\/wp\/v2\/product_cat?post=42403"},{"taxonomy":"product_tag","embeddable":true,"href":"https:\/\/singuli.wpress.me\/index.php\/wp-json\/wp\/v2\/product_tag?post=42403"}],"curies":[{"name":"wp","href":"https:\/\/api.w.org\/{rel}","templated":true}]}}