{"id":42412,"date":"2026-04-19T15:27:28","date_gmt":"2026-04-19T15:27:28","guid":{"rendered":"https:\/\/singuli.wpress.me\/index.php\/proizvod\/tomy-igracka-kamioncic\/"},"modified":"2026-04-21T00:27:17","modified_gmt":"2026-04-21T00:27:17","slug":"tomy-igracka-kamioncic","status":"publish","type":"product","link":"https:\/\/singuli.wpress.me\/index.php\/proizvod\/tomy-igracka-kamioncic\/","title":{"rendered":"TOMY, igra\u010dka, kamion\u010di\u0107"},"content":{"rendered":"<p>Uz svaki kamion\u010di\u0107 dolazi Tomy jaje, te 2 &quot;nov\u010di\u0107a\u02dd.<\/p>\n<p>\u02ddNov\u010di\u0107i&quot; se ubacuju u otvor na vrhu kamion\u010di\u0107a. Pritiskom jaja, \u010duje se zvuk i \u02ddnov\u010di\u0107i\u02dd ispadaju kroz sta\u017enji dio kamion\u010di\u0107a. Kamion\u010di\u0107i se me\u0111usobno mogu povezivati.<\/p>\n<p>Koji kamion\u010di\u0107 \u0107e\u0161 ti dobiti? <\/p>\n<p>Igra\u010dka dolazi u vi\u0161e razli\u010ditih modela, a isporuka ovisi o njihovoj trenutnoj raspolo\u017eivosti. <\/p>\n","protected":false},"excerpt":{"rendered":"<p>Zabavna igra<br \/>\nUz svaki kamion\u010di\u0107 dolazi Tomy jaje i 2 &#8220;nov\u010di\u0107a&#8221;<br \/>\nIgra\u010dka dolazi u vi\u0161e razli\u010ditih modela<\/p>\n","protected":false},"featured_media":0,"template":"","meta":{"_seopress_robots_primary_cat":"","_seopress_titles_title":"","_seopress_titles_desc":"","_seopress_robots_index":"","iawp_total_views":0},"product_brand":[487],"product_cat":[221,291],"product_tag":[],"class_list":{"0":"post-42412","1":"product","2":"type-product","3":"status-publish","5":"product_brand-tomy","6":"product_cat-igracke","7":"product_cat-igracke-za-djecu-221","9":"first","10":"instock","11":"shipping-taxable","12":"purchasable","13":"product-type-simple"},"_links":{"self":[{"href":"https:\/\/singuli.wpress.me\/index.php\/wp-json\/wp\/v2\/product\/42412","targetHints":{"allow":["GET"]}}],"collection":[{"href":"https:\/\/singuli.wpress.me\/index.php\/wp-json\/wp\/v2\/product"}],"about":[{"href":"https:\/\/singuli.wpress.me\/index.php\/wp-json\/wp\/v2\/types\/product"}],"version-history":[{"count":0,"href":"https:\/\/singuli.wpress.me\/index.php\/wp-json\/wp\/v2\/product\/42412\/revisions"}],"wp:attachment":[{"href":"https:\/\/singuli.wpress.me\/index.php\/wp-json\/wp\/v2\/media?parent=42412"}],"wp:term":[{"taxonomy":"product_brand","embeddable":true,"href":"https:\/\/singuli.wpress.me\/index.php\/wp-json\/wp\/v2\/product_brand?post=42412"},{"taxonomy":"product_cat","embeddable":true,"href":"https:\/\/singuli.wpress.me\/index.php\/wp-json\/wp\/v2\/product_cat?post=42412"},{"taxonomy":"product_tag","embeddable":true,"href":"https:\/\/singuli.wpress.me\/index.php\/wp-json\/wp\/v2\/product_tag?post=42412"}],"curies":[{"name":"wp","href":"https:\/\/api.w.org\/{rel}","templated":true}]}}