{"id":42420,"date":"2026-04-19T15:27:32","date_gmt":"2026-04-19T15:27:32","guid":{"rendered":"https:\/\/singuli.wpress.me\/index.php\/proizvod\/lavazza-staklena-casa-320-ml-12-kom\/"},"modified":"2026-04-20T12:33:45","modified_gmt":"2026-04-20T12:33:45","slug":"lavazza-staklena-casa-320-ml-12-kom","status":"publish","type":"product","link":"https:\/\/singuli.wpress.me\/index.php\/proizvod\/lavazza-staklena-casa-320-ml-12-kom\/","title":{"rendered":"LAVAZZA, staklena \u010da\u0161a, 320 ml, 12\u00a0kom"},"content":{"rendered":"<p><b>LAVAZZA velika staklena \u010da\u0161a<\/b> savr\u0161ena je za poslu\u017eivanje <b>Latte Macchiata<\/b>. Sa zapremninom od <b>320 ml<\/b>, idealna je za slojevite tople napitke. \u010ca\u0161e se isporu\u010duju u pakiranju od <b>12 komada<\/b>.<\/p>\n","protected":false},"excerpt":{"rendered":"<p>Posebno dizajnirana za Latte Macchiato<br \/>\nSet od 12 \u010da\u0161a<\/p>\n","protected":false},"featured_media":0,"template":"","meta":{"_seopress_robots_primary_cat":"","_seopress_titles_title":"","_seopress_titles_desc":"","_seopress_robots_index":"","iawp_total_views":0},"product_brand":[393],"product_cat":[274,238],"product_tag":[],"class_list":{"0":"post-42420","1":"product","2":"type-product","3":"status-publish","5":"product_brand-lavazza","6":"product_cat-kucanski-pribor-238","7":"product_cat-sve-za-dom","9":"first","10":"instock","11":"shipping-taxable","12":"purchasable","13":"product-type-simple"},"_links":{"self":[{"href":"https:\/\/singuli.wpress.me\/index.php\/wp-json\/wp\/v2\/product\/42420","targetHints":{"allow":["GET"]}}],"collection":[{"href":"https:\/\/singuli.wpress.me\/index.php\/wp-json\/wp\/v2\/product"}],"about":[{"href":"https:\/\/singuli.wpress.me\/index.php\/wp-json\/wp\/v2\/types\/product"}],"version-history":[{"count":0,"href":"https:\/\/singuli.wpress.me\/index.php\/wp-json\/wp\/v2\/product\/42420\/revisions"}],"wp:attachment":[{"href":"https:\/\/singuli.wpress.me\/index.php\/wp-json\/wp\/v2\/media?parent=42420"}],"wp:term":[{"taxonomy":"product_brand","embeddable":true,"href":"https:\/\/singuli.wpress.me\/index.php\/wp-json\/wp\/v2\/product_brand?post=42420"},{"taxonomy":"product_cat","embeddable":true,"href":"https:\/\/singuli.wpress.me\/index.php\/wp-json\/wp\/v2\/product_cat?post=42420"},{"taxonomy":"product_tag","embeddable":true,"href":"https:\/\/singuli.wpress.me\/index.php\/wp-json\/wp\/v2\/product_tag?post=42420"}],"curies":[{"name":"wp","href":"https:\/\/api.w.org\/{rel}","templated":true}]}}