{"id":42425,"date":"2026-04-19T15:27:33","date_gmt":"2026-04-19T15:27:33","guid":{"rendered":"https:\/\/singuli.wpress.me\/index.php\/proizvod\/herbal-essences-sampon-za-kosu-jagoda-metvica-400-ml\/"},"modified":"2026-04-21T00:27:17","modified_gmt":"2026-04-21T00:27:17","slug":"herbal-essences-sampon-za-kosu-jagoda-metvica-400-ml","status":"publish","type":"product","link":"https:\/\/singuli.wpress.me\/index.php\/proizvod\/herbal-essences-sampon-za-kosu-jagoda-metvica-400-ml\/","title":{"rendered":"HERBAL ESSENCES, \u0161ampon za kosu, Jagoda &amp; Metvica, 400\u00a0ml"},"content":{"rendered":"<p>Esencije \u017eivota kolekcija \u0161ampona i balzama s jagodom i metvicom pro\u010di\u0161\u0107ava korijen i hidratizira kosu cijelom njenom du\u017einom te otkriva prirodnu ljepotu kose. Kosa je mek\u0161a i gla\u0111a.<\/p>\n<p>Herbal Essences vjeruje u nutritivnu mo\u0107 biljaka. <\/p>\n<p>Razvili smo kolekciju \u0161ampona i balzama s jagodom i metvicom kako bismo vratili \u017eivot u va\u0161u kosu, va\u0161 duh i planet. <\/p>\n<p>Na\u0161e njeguju\u0107e, bogate formule oboga\u0107ene su \u010distim biljnim esencijama i biljnim hranjivim tvarima te dolaze u ekolo\u0161kim pakiranjima. <\/p>\n<p>Otkrijte najbolje izdanje svoje kose i veselite se dok istovremeno \u0161titite i planet.<\/p>\n","protected":false},"excerpt":{"rendered":"<p>Pro\u010di\u0161\u0107ava korijen<br \/>\nHidratizira kosu<br \/>\nBogata formula<\/p>\n","protected":false},"featured_media":0,"template":"","meta":{"_seopress_robots_primary_cat":"","_seopress_titles_title":"","_seopress_titles_desc":"","_seopress_robots_index":"","iawp_total_views":0},"product_brand":[483],"product_cat":[268,300],"product_tag":[],"class_list":{"0":"post-42425","1":"product","2":"type-product","3":"status-publish","5":"product_brand-herbal-essences","6":"product_cat-kozmetika-2","7":"product_cat-njega-kose-268","9":"first","10":"outofstock","11":"shipping-taxable","12":"purchasable","13":"product-type-simple"},"_links":{"self":[{"href":"https:\/\/singuli.wpress.me\/index.php\/wp-json\/wp\/v2\/product\/42425","targetHints":{"allow":["GET"]}}],"collection":[{"href":"https:\/\/singuli.wpress.me\/index.php\/wp-json\/wp\/v2\/product"}],"about":[{"href":"https:\/\/singuli.wpress.me\/index.php\/wp-json\/wp\/v2\/types\/product"}],"version-history":[{"count":0,"href":"https:\/\/singuli.wpress.me\/index.php\/wp-json\/wp\/v2\/product\/42425\/revisions"}],"wp:attachment":[{"href":"https:\/\/singuli.wpress.me\/index.php\/wp-json\/wp\/v2\/media?parent=42425"}],"wp:term":[{"taxonomy":"product_brand","embeddable":true,"href":"https:\/\/singuli.wpress.me\/index.php\/wp-json\/wp\/v2\/product_brand?post=42425"},{"taxonomy":"product_cat","embeddable":true,"href":"https:\/\/singuli.wpress.me\/index.php\/wp-json\/wp\/v2\/product_cat?post=42425"},{"taxonomy":"product_tag","embeddable":true,"href":"https:\/\/singuli.wpress.me\/index.php\/wp-json\/wp\/v2\/product_tag?post=42425"}],"curies":[{"name":"wp","href":"https:\/\/api.w.org\/{rel}","templated":true}]}}