{"id":42426,"date":"2026-04-19T15:27:33","date_gmt":"2026-04-19T15:27:33","guid":{"rendered":"https:\/\/singuli.wpress.me\/index.php\/proizvod\/bison-power-adhesive-bisonite-ljepilo-poliuretansko-univerzalno-65-ml\/"},"modified":"2026-04-20T12:33:46","modified_gmt":"2026-04-20T12:33:46","slug":"bison-power-adhesive-bisonite-ljepilo-poliuretansko-univerzalno-65-ml","status":"publish","type":"product","link":"https:\/\/singuli.wpress.me\/index.php\/proizvod\/bison-power-adhesive-bisonite-ljepilo-poliuretansko-univerzalno-65-ml\/","title":{"rendered":"BISON Power Adhesive Bisonite, ljepilo, poliuretansko univerzalno, 65\u00a0ml"},"content":{"rendered":"<p>Univerzalno poliuretansko ljepilo za najte\u017ee spojeve.<\/p>\n<p>Lijepi mnoge materijale koje druga ljepila ne mogu kao \u0161to su metal, \u017eeljezo, nehr\u0111aju\u0107i \u010delik, aluminij, cink, beton, kamen, mramor, kerami\u010dke zidne i podne plo\u010dice, drvo, staklo, guma i mnogi sinteti\u010dki materijali. Osobito prikladno za lijepljenje sinteti\u010dkih materijala s drugim materijalima.<\/p>\n<p>Nije prikladan za lijepljenje polietilena (PE), polipropilena (PP), PTFE-a i silikona.<\/p>\n","protected":false},"excerpt":{"rendered":"<p>Za najte\u017ee spojeve<br \/>\nOtporno na (morsku) vodu<br \/>\nOtporno na hladno\u0107u i toplinu od -30 \u00b0C do +100 \u00b0C<\/p>\n","protected":false},"featured_media":0,"template":"","meta":{"_seopress_robots_primary_cat":"","_seopress_titles_title":"","_seopress_titles_desc":"","_seopress_robots_index":"","iawp_total_views":0},"product_brand":[494],"product_cat":[264,238],"product_tag":[],"class_list":{"0":"post-42426","1":"product","2":"type-product","3":"status-publish","5":"product_brand-bison","6":"product_cat-ljepila-i-brtvila-238","7":"product_cat-sve-za-dom","9":"first","10":"instock","11":"shipping-taxable","12":"purchasable","13":"product-type-simple"},"_links":{"self":[{"href":"https:\/\/singuli.wpress.me\/index.php\/wp-json\/wp\/v2\/product\/42426","targetHints":{"allow":["GET"]}}],"collection":[{"href":"https:\/\/singuli.wpress.me\/index.php\/wp-json\/wp\/v2\/product"}],"about":[{"href":"https:\/\/singuli.wpress.me\/index.php\/wp-json\/wp\/v2\/types\/product"}],"version-history":[{"count":0,"href":"https:\/\/singuli.wpress.me\/index.php\/wp-json\/wp\/v2\/product\/42426\/revisions"}],"wp:attachment":[{"href":"https:\/\/singuli.wpress.me\/index.php\/wp-json\/wp\/v2\/media?parent=42426"}],"wp:term":[{"taxonomy":"product_brand","embeddable":true,"href":"https:\/\/singuli.wpress.me\/index.php\/wp-json\/wp\/v2\/product_brand?post=42426"},{"taxonomy":"product_cat","embeddable":true,"href":"https:\/\/singuli.wpress.me\/index.php\/wp-json\/wp\/v2\/product_cat?post=42426"},{"taxonomy":"product_tag","embeddable":true,"href":"https:\/\/singuli.wpress.me\/index.php\/wp-json\/wp\/v2\/product_tag?post=42426"}],"curies":[{"name":"wp","href":"https:\/\/api.w.org\/{rel}","templated":true}]}}