{"id":42428,"date":"2026-04-19T15:27:33","date_gmt":"2026-04-19T15:27:33","guid":{"rendered":"https:\/\/singuli.wpress.me\/index.php\/proizvod\/natureta-namaz-s-paprikom-290-g\/"},"modified":"2026-04-20T12:33:46","modified_gmt":"2026-04-20T12:33:46","slug":"natureta-namaz-s-paprikom-290-g","status":"publish","type":"product","link":"https:\/\/singuli.wpress.me\/index.php\/proizvod\/natureta-namaz-s-paprikom-290-g\/","title":{"rendered":"NATURETA, namaz, s paprikom, 290\u00a0g"},"content":{"rendered":"<p>Naturetin namaz s paprikom je prvoklasni satara\u0161, ohla\u0111en i za\u010dinjen senfom. <\/p>\n<p>Odli\u010dno funkcionira kao umak, prilog ili dodatak salatama, pa ne \u010dudi \u0161to je postao pravi hit me\u0111u namazima. <\/p>\n<p>Te\u0161ko je zamisliti piknik, vrtnu zabavu ili kampiranje bez njega, a ne smije ga nedostajati ni u ku\u0107nom hladnjaku.<\/p>\n","protected":false},"excerpt":{"rendered":"<p>Prvoklasni satara\u0161<br \/>\nZa\u010dinjen senfom<br \/>\nHit me\u0111u namazima<\/p>\n","protected":false},"featured_media":0,"template":"","meta":{"_seopress_robots_primary_cat":"","_seopress_titles_title":"","_seopress_titles_desc":"","_seopress_robots_index":"","iawp_total_views":0},"product_brand":[811],"product_cat":[261,299],"product_tag":[],"class_list":{"0":"post-42428","1":"product","2":"type-product","3":"status-publish","5":"product_brand-natureta","6":"product_cat-hrana-i-pice","7":"product_cat-konzervirana-i-gotova-hrana-261","9":"first","10":"outofstock","11":"shipping-taxable","12":"purchasable","13":"product-type-simple"},"_links":{"self":[{"href":"https:\/\/singuli.wpress.me\/index.php\/wp-json\/wp\/v2\/product\/42428","targetHints":{"allow":["GET"]}}],"collection":[{"href":"https:\/\/singuli.wpress.me\/index.php\/wp-json\/wp\/v2\/product"}],"about":[{"href":"https:\/\/singuli.wpress.me\/index.php\/wp-json\/wp\/v2\/types\/product"}],"version-history":[{"count":0,"href":"https:\/\/singuli.wpress.me\/index.php\/wp-json\/wp\/v2\/product\/42428\/revisions"}],"wp:attachment":[{"href":"https:\/\/singuli.wpress.me\/index.php\/wp-json\/wp\/v2\/media?parent=42428"}],"wp:term":[{"taxonomy":"product_brand","embeddable":true,"href":"https:\/\/singuli.wpress.me\/index.php\/wp-json\/wp\/v2\/product_brand?post=42428"},{"taxonomy":"product_cat","embeddable":true,"href":"https:\/\/singuli.wpress.me\/index.php\/wp-json\/wp\/v2\/product_cat?post=42428"},{"taxonomy":"product_tag","embeddable":true,"href":"https:\/\/singuli.wpress.me\/index.php\/wp-json\/wp\/v2\/product_tag?post=42428"}],"curies":[{"name":"wp","href":"https:\/\/api.w.org\/{rel}","templated":true}]}}