{"id":42430,"date":"2026-04-19T15:27:34","date_gmt":"2026-04-19T15:27:34","guid":{"rendered":"https:\/\/singuli.wpress.me\/index.php\/proizvod\/rimula-r3-turbo-15w40-motorno-ulje-za-tesko-opterecene-motore-20-l\/"},"modified":"2026-04-20T12:33:46","modified_gmt":"2026-04-20T12:33:46","slug":"rimula-r3-turbo-15w40-motorno-ulje-za-tesko-opterecene-motore-20-l","status":"publish","type":"product","link":"https:\/\/singuli.wpress.me\/index.php\/proizvod\/rimula-r3-turbo-15w40-motorno-ulje-za-tesko-opterecene-motore-20-l\/","title":{"rendered":"RIMULA R3 TURBO 15W40 , motorno ulje za te\u0161ko optere\u0107ene motore, 20\u00a0l"},"content":{"rendered":"<p>Monogradno motorno ulje formulirano na tehnologiji aktivne za\u0161tite koje se svojim dokazanim kemijskim sastavom prilago\u0111ava promjenjivim uvjetima rada va\u0161eg motora pru\u017eaju\u0107i va\u0161em motoru iznimnu za\u0161titu. <\/p>\n<p>Aktivnim sustavom \u010di\u0161\u0107enja odr\u017eava \u010disto\u0107u klipova i drugih dijelova motora, pru\u017ea za\u0161titu od tro\u0161enja za produljeni vijek trajanja motora te sprje\u010dava nastajanje taloga za u\u010dinkovito ostvarenje performansi va\u0161eg motora. <\/p>\n<p>Odobravaju ga vode\u0107i proizvo\u0111a\u010di originalne opreme. <\/p>\n<p><span style=\"font-weight: bold\">Specifikacija:<\/span> Caterpillar ECF-1-A, Cummins CES 20076, 71, Mack EO-M, EO-M+, MAN 271, MB odobrenje 228.1, Volvo VDS, API CH-4, ACEA E2.<\/p>\n","protected":false},"excerpt":{"rendered":"<p>Osigurava izvrsnu za\u0161titu motora u te\u0161kim uvjetima rada<br \/>\nGlavne primjene u transportnim kamionima, gra\u0111evinarstvu, rudarstvu i poljoprivrednoj opremi.<br \/>\nSpecifikacija u opisu<\/p>\n","protected":false},"featured_media":0,"template":"","meta":{"_seopress_robots_primary_cat":"","_seopress_titles_title":"","_seopress_titles_desc":"","_seopress_robots_index":"","iawp_total_views":0},"product_brand":[469],"product_cat":[243,276,272],"product_tag":[],"class_list":{"0":"post-42430","1":"product","2":"type-product","3":"status-publish","5":"product_brand-rimula","6":"product_cat-automobili-i-motori","7":"product_cat-industrijska-i-specijalna-ulja-243","8":"product_cat-motorna-ulja-243","10":"first","11":"instock","12":"shipping-taxable","13":"purchasable","14":"product-type-simple"},"_links":{"self":[{"href":"https:\/\/singuli.wpress.me\/index.php\/wp-json\/wp\/v2\/product\/42430","targetHints":{"allow":["GET"]}}],"collection":[{"href":"https:\/\/singuli.wpress.me\/index.php\/wp-json\/wp\/v2\/product"}],"about":[{"href":"https:\/\/singuli.wpress.me\/index.php\/wp-json\/wp\/v2\/types\/product"}],"version-history":[{"count":0,"href":"https:\/\/singuli.wpress.me\/index.php\/wp-json\/wp\/v2\/product\/42430\/revisions"}],"wp:attachment":[{"href":"https:\/\/singuli.wpress.me\/index.php\/wp-json\/wp\/v2\/media?parent=42430"}],"wp:term":[{"taxonomy":"product_brand","embeddable":true,"href":"https:\/\/singuli.wpress.me\/index.php\/wp-json\/wp\/v2\/product_brand?post=42430"},{"taxonomy":"product_cat","embeddable":true,"href":"https:\/\/singuli.wpress.me\/index.php\/wp-json\/wp\/v2\/product_cat?post=42430"},{"taxonomy":"product_tag","embeddable":true,"href":"https:\/\/singuli.wpress.me\/index.php\/wp-json\/wp\/v2\/product_tag?post=42430"}],"curies":[{"name":"wp","href":"https:\/\/api.w.org\/{rel}","templated":true}]}}