{"id":42431,"date":"2026-04-19T15:27:34","date_gmt":"2026-04-19T15:27:34","guid":{"rendered":"https:\/\/singuli.wpress.me\/index.php\/proizvod\/helix-ult-prof-ar-l-5w30-motorno-ulje-za-osobna-vozila-12x1l-12-l\/"},"modified":"2026-04-20T12:33:46","modified_gmt":"2026-04-20T12:33:46","slug":"helix-ult-prof-ar-l-5w30-motorno-ulje-za-osobna-vozila-12x1l-12-l","status":"publish","type":"product","link":"https:\/\/singuli.wpress.me\/index.php\/proizvod\/helix-ult-prof-ar-l-5w30-motorno-ulje-za-osobna-vozila-12x1l-12-l\/","title":{"rendered":"HELIX ULT. PROF AR-L 5W30 , motorno ulje za osobna vozila, 12x1l, 12\u00a0l"},"content":{"rendered":"<p>Potpuno sinteti\u010dko motorno ulje posebno formulirano i prilago\u0111eno da udovolji posebnim zahtjevima odre\u0111enih dizelskih motora visokih performansi, uklju\u010duju\u0107i Renault kao i motore koji zahtijevaju ACEA C4 specifikacije. <\/p>\n<p>Zadovoljava ACEA standard u\u0161tede goriva MB1111FE (CEC-L-54-T-96), \u201eLLR\u201c oksidacijski test, test stvaranja naslaga na klipu i test zaglavljivanja klipnog prstena. <\/p>\n<p>Ulje je posebno formulirano za dizelske motore s filterom krutih \u010destica (DPF). <\/p>\n<p>Low-SAPS formulacija ulja \u0161titi DPF sustav od za\u010depljivanja.<\/p>\n<p><span style=\"font-weight: bold\">Specifikacija<\/span>: ACEA C4, Renault RN 0720, MB odobrenje 226.51, FCA 9.55535 S4.<\/p>\n","protected":false},"excerpt":{"rendered":"<p>Ulje je posebno formulirano za dizelske motore s DPF-om<br \/>\nLow-SAPS formulacija ulja \u0161titi DPF sustav od za\u010depljivanja<br \/>\nSpecifikacija u opisu<\/p>\n","protected":false},"featured_media":0,"template":"","meta":{"_seopress_robots_primary_cat":"","_seopress_titles_title":"","_seopress_titles_desc":"","_seopress_robots_index":"","iawp_total_views":0},"product_brand":[398],"product_cat":[243,272],"product_tag":[],"class_list":{"0":"post-42431","1":"product","2":"type-product","3":"status-publish","5":"product_brand-helix","6":"product_cat-automobili-i-motori","7":"product_cat-motorna-ulja-243","9":"first","10":"instock","11":"shipping-taxable","12":"purchasable","13":"product-type-simple"},"_links":{"self":[{"href":"https:\/\/singuli.wpress.me\/index.php\/wp-json\/wp\/v2\/product\/42431","targetHints":{"allow":["GET"]}}],"collection":[{"href":"https:\/\/singuli.wpress.me\/index.php\/wp-json\/wp\/v2\/product"}],"about":[{"href":"https:\/\/singuli.wpress.me\/index.php\/wp-json\/wp\/v2\/types\/product"}],"version-history":[{"count":0,"href":"https:\/\/singuli.wpress.me\/index.php\/wp-json\/wp\/v2\/product\/42431\/revisions"}],"wp:attachment":[{"href":"https:\/\/singuli.wpress.me\/index.php\/wp-json\/wp\/v2\/media?parent=42431"}],"wp:term":[{"taxonomy":"product_brand","embeddable":true,"href":"https:\/\/singuli.wpress.me\/index.php\/wp-json\/wp\/v2\/product_brand?post=42431"},{"taxonomy":"product_cat","embeddable":true,"href":"https:\/\/singuli.wpress.me\/index.php\/wp-json\/wp\/v2\/product_cat?post=42431"},{"taxonomy":"product_tag","embeddable":true,"href":"https:\/\/singuli.wpress.me\/index.php\/wp-json\/wp\/v2\/product_tag?post=42431"}],"curies":[{"name":"wp","href":"https:\/\/api.w.org\/{rel}","templated":true}]}}