{"id":42432,"date":"2026-04-19T15:27:34","date_gmt":"2026-04-19T15:27:34","guid":{"rendered":"https:\/\/singuli.wpress.me\/index.php\/proizvod\/ariel-color-kapsule-za-pranje-rublja-72-pranja\/"},"modified":"2026-04-20T12:33:46","modified_gmt":"2026-04-20T12:33:46","slug":"ariel-color-kapsule-za-pranje-rublja-72-pranja","status":"publish","type":"product","link":"https:\/\/singuli.wpress.me\/index.php\/proizvod\/ariel-color-kapsule-za-pranje-rublja-72-pranja\/","title":{"rendered":"ARIEL Color, kapsule za pranje rublja, 72 pranja"},"content":{"rendered":"<p>Ariel, brend koji preporu\u010duju Whirlpool, Electrolux, Candy i Beko, predstavlja kapsule deterd\u017eenta za pranje rublja Ariel All-in-1 PODS Color koje pru\u017eaju briljantno uklanjanje mrlja \u010dak i pri pranju na ni\u017eim temperaturama. Osmi\u0161ljene su za pranje na niskim temperaturama, s jedinstvenim tehnologijama poput tehnologije Cool Clean. <\/p>\n<p>\u0160tovi\u0161e, tablete za pranje Ariel sada mogu pridonijeti i smanjenju plasti\u010dnog otpada zahvaljuju\u0107i kartonskoj kutiji ECOCLIC koja se mo\u017ee reciklirati! Sadr\u017ei maksimalno samo 5% plastike i osmi\u0161ljena je za o\u010duvanje kapsula PODS. <\/p>\n<p>U dodiru s vodom omot kapsula PODS koji je 100% topiv u vodi potpuno se rastapa i osloba\u0111a sna\u017ene tehnologije za uklanjanje mrlja, za dubinsko i sna\u017eno \u010di\u0161\u0107enje kapsulama Ariel All-in-1 PODS Color.<\/p>\n","protected":false},"excerpt":{"rendered":"<p>Uklanja mrlje, \u010duva boje, osvje\u017eava i \u0161titi tkaninu<br \/>\nOmot je 100 % topiv u vodi<br \/>\nAmbala\u017ea mo\u017ee se reciklirati<\/p>\n","protected":false},"featured_media":0,"template":"","meta":{"_seopress_robots_primary_cat":"","_seopress_titles_title":"","_seopress_titles_desc":"","_seopress_robots_index":"","iawp_total_views":0},"product_brand":[427],"product_cat":[283,238],"product_tag":[],"class_list":{"0":"post-42432","1":"product","2":"type-product","3":"status-publish","5":"product_brand-ariel","6":"product_cat-pranje-rublja-238","7":"product_cat-sve-za-dom","9":"first","10":"outofstock","11":"shipping-taxable","12":"purchasable","13":"product-type-simple"},"_links":{"self":[{"href":"https:\/\/singuli.wpress.me\/index.php\/wp-json\/wp\/v2\/product\/42432","targetHints":{"allow":["GET"]}}],"collection":[{"href":"https:\/\/singuli.wpress.me\/index.php\/wp-json\/wp\/v2\/product"}],"about":[{"href":"https:\/\/singuli.wpress.me\/index.php\/wp-json\/wp\/v2\/types\/product"}],"version-history":[{"count":0,"href":"https:\/\/singuli.wpress.me\/index.php\/wp-json\/wp\/v2\/product\/42432\/revisions"}],"wp:attachment":[{"href":"https:\/\/singuli.wpress.me\/index.php\/wp-json\/wp\/v2\/media?parent=42432"}],"wp:term":[{"taxonomy":"product_brand","embeddable":true,"href":"https:\/\/singuli.wpress.me\/index.php\/wp-json\/wp\/v2\/product_brand?post=42432"},{"taxonomy":"product_cat","embeddable":true,"href":"https:\/\/singuli.wpress.me\/index.php\/wp-json\/wp\/v2\/product_cat?post=42432"},{"taxonomy":"product_tag","embeddable":true,"href":"https:\/\/singuli.wpress.me\/index.php\/wp-json\/wp\/v2\/product_tag?post=42432"}],"curies":[{"name":"wp","href":"https:\/\/api.w.org\/{rel}","templated":true}]}}