{"id":42436,"date":"2026-04-19T15:27:36","date_gmt":"2026-04-19T15:27:36","guid":{"rendered":"https:\/\/singuli.wpress.me\/index.php\/proizvod\/fisher-price-velika-seka-sveznalica\/"},"modified":"2026-04-20T12:33:46","modified_gmt":"2026-04-20T12:33:46","slug":"fisher-price-velika-seka-sveznalica","status":"publish","type":"product","link":"https:\/\/singuli.wpress.me\/index.php\/proizvod\/fisher-price-velika-seka-sveznalica\/","title":{"rendered":"FISHER PRICE, velika seka Sveznalica"},"content":{"rendered":"<p>Bebina prva prijateljica postaje super velika s Velikom Sekom Sveznalicom!!!<\/p>\n<p>Velika glazbena pli\u0161ana igra\u010dka koja poti\u010de djecu na kretanje!<br \/>\n<span style=\"font-weight: bold\"><br \/>\n2 Razine znanja:<\/span><br \/>\nRazina 1 \u2013 U\u010denje: pjevne pjesmice i izrazi upoznaju malo dijete s abecedom, brojevima 1 do 10, razli\u010ditim \u017eivotinjama i pozdravima.<br \/>\nRazina 2 \u2013 Aktivnost: u\u010denje broje\u0107i do 20, otkrivanje rije\u010di za slova abecede, zvukovi \u017eivotinja, boje i super zabavna igra ples kipova.<\/p>\n<p>Sadr\u017ei vi\u0161e od 90 pjesmica, zvukova i izraza.<br \/>\nPritisnite svjetle\u0107e srce ili pomaknite Veliku Seku za aktivaciju zabavnih pjesmica i zvukova.<br \/>\nPodu\u010dava abecedu, brojanje, boje, zvukove \u017eivotinja, pozdrave i vi\u0161e.<\/p>\n<p>Za djecu od 18 do 36 mjeseci.<br \/>\nAli to nije sve! Prvi put na svijetu jednoj sveznalici glas je dala poznata osoba i to ba\u0161 u Hrvatskoj! Rije\u010d je o na\u0161oj poznatoj pjeva\u010dici i voditeljici Maji \u0160uput koja je dala glas Velikoj Seki Sveznalici!<\/p>\n","protected":false},"excerpt":{"rendered":"<p>Velika glazbena pli\u0161ana igra\u010dka koja poti\u010de djecu na kretanje<br \/>\n2 razine znanja<br \/>\nZa djecu od 18 do 36 mjeseci<\/p>\n","protected":false},"featured_media":0,"template":"","meta":{"_seopress_robots_primary_cat":"","_seopress_titles_title":"","_seopress_titles_desc":"","_seopress_robots_index":"","iawp_total_views":0},"product_brand":[458],"product_cat":[221,291],"product_tag":[],"class_list":{"0":"post-42436","1":"product","2":"type-product","3":"status-publish","5":"product_brand-fisher-price","6":"product_cat-igracke","7":"product_cat-igracke-za-djecu-221","9":"first","10":"instock","11":"shipping-taxable","12":"purchasable","13":"product-type-simple"},"_links":{"self":[{"href":"https:\/\/singuli.wpress.me\/index.php\/wp-json\/wp\/v2\/product\/42436","targetHints":{"allow":["GET"]}}],"collection":[{"href":"https:\/\/singuli.wpress.me\/index.php\/wp-json\/wp\/v2\/product"}],"about":[{"href":"https:\/\/singuli.wpress.me\/index.php\/wp-json\/wp\/v2\/types\/product"}],"version-history":[{"count":0,"href":"https:\/\/singuli.wpress.me\/index.php\/wp-json\/wp\/v2\/product\/42436\/revisions"}],"wp:attachment":[{"href":"https:\/\/singuli.wpress.me\/index.php\/wp-json\/wp\/v2\/media?parent=42436"}],"wp:term":[{"taxonomy":"product_brand","embeddable":true,"href":"https:\/\/singuli.wpress.me\/index.php\/wp-json\/wp\/v2\/product_brand?post=42436"},{"taxonomy":"product_cat","embeddable":true,"href":"https:\/\/singuli.wpress.me\/index.php\/wp-json\/wp\/v2\/product_cat?post=42436"},{"taxonomy":"product_tag","embeddable":true,"href":"https:\/\/singuli.wpress.me\/index.php\/wp-json\/wp\/v2\/product_tag?post=42436"}],"curies":[{"name":"wp","href":"https:\/\/api.w.org\/{rel}","templated":true}]}}