{"id":42446,"date":"2026-04-19T15:27:41","date_gmt":"2026-04-19T15:27:41","guid":{"rendered":"https:\/\/singuli.wpress.me\/index.php\/proizvod\/pantene-pro-v-intensive-repair-regenerator-za-kosu-suha-i-ostecena-275-ml\/"},"modified":"2026-04-20T12:33:46","modified_gmt":"2026-04-20T12:33:46","slug":"pantene-pro-v-intensive-repair-regenerator-za-kosu-suha-i-ostecena-275-ml","status":"publish","type":"product","link":"https:\/\/singuli.wpress.me\/index.php\/proizvod\/pantene-pro-v-intensive-repair-regenerator-za-kosu-suha-i-ostecena-275-ml\/","title":{"rendered":"PANTENE Pro-V Intensive Repair, regenerator za kosu, suha i o\u0161te\u0107ena, 275\u00a0ml"},"content":{"rendered":"<p>Dnevna doza hranjivih tvari. Nahranite kosu mje\u0161avinom Pantene Pro-V s osna\u017euju\u0107im lipidima i za\u0161titnim antioksidansima.<\/p>\n<p>Regenerator Pantene Pro-V Intensive Repair oboga\u0107en s 2x vi\u0161e hranjivih tvari* prodire u kosu i obnavlja je. <\/p>\n<p>Njegova formula poma\u017ee obnoviti** o\u0161te\u0107enu kosu od korijena do vrhova i daje joj zdrav sjaj i glatko\u0107u. Zdravija kosa nakon jedne uporabe. 100 % sna\u017enija, sjajnija i obnovljena kosa.<\/p>\n<p>* u odnosu na na\u0161e \u0161ampone s regeneratorom<br \/>\n** o\u0161te\u0107enu povr\u0161inu kose pretvara u glatku<\/p>\n","protected":false},"excerpt":{"rendered":"<p>S aktivnim nutrijentima Pro-V<br \/>\nU trenu popravlja znakove o\u0161te\u0107enja<br \/>\nPoma\u017ee sprije\u010diti pucanje vrhova<\/p>\n","protected":false},"featured_media":0,"template":"","meta":{"_seopress_robots_primary_cat":"","_seopress_titles_title":"","_seopress_titles_desc":"","_seopress_robots_index":"","iawp_total_views":0},"product_brand":[411],"product_cat":[268,300],"product_tag":[],"class_list":{"0":"post-42446","1":"product","2":"type-product","3":"status-publish","5":"product_brand-pantene","6":"product_cat-kozmetika-2","7":"product_cat-njega-kose-268","9":"first","10":"outofstock","11":"shipping-taxable","12":"purchasable","13":"product-type-simple"},"_links":{"self":[{"href":"https:\/\/singuli.wpress.me\/index.php\/wp-json\/wp\/v2\/product\/42446","targetHints":{"allow":["GET"]}}],"collection":[{"href":"https:\/\/singuli.wpress.me\/index.php\/wp-json\/wp\/v2\/product"}],"about":[{"href":"https:\/\/singuli.wpress.me\/index.php\/wp-json\/wp\/v2\/types\/product"}],"version-history":[{"count":0,"href":"https:\/\/singuli.wpress.me\/index.php\/wp-json\/wp\/v2\/product\/42446\/revisions"}],"wp:attachment":[{"href":"https:\/\/singuli.wpress.me\/index.php\/wp-json\/wp\/v2\/media?parent=42446"}],"wp:term":[{"taxonomy":"product_brand","embeddable":true,"href":"https:\/\/singuli.wpress.me\/index.php\/wp-json\/wp\/v2\/product_brand?post=42446"},{"taxonomy":"product_cat","embeddable":true,"href":"https:\/\/singuli.wpress.me\/index.php\/wp-json\/wp\/v2\/product_cat?post=42446"},{"taxonomy":"product_tag","embeddable":true,"href":"https:\/\/singuli.wpress.me\/index.php\/wp-json\/wp\/v2\/product_tag?post=42446"}],"curies":[{"name":"wp","href":"https:\/\/api.w.org\/{rel}","templated":true}]}}