{"id":42448,"date":"2026-04-19T15:27:41","date_gmt":"2026-04-19T15:27:41","guid":{"rendered":"https:\/\/singuli.wpress.me\/index.php\/proizvod\/ariel-color-kapsule-za-pranje-rublja-60-pranja\/"},"modified":"2026-04-20T12:33:46","modified_gmt":"2026-04-20T12:33:46","slug":"ariel-color-kapsule-za-pranje-rublja-60-pranja","status":"publish","type":"product","link":"https:\/\/singuli.wpress.me\/index.php\/proizvod\/ariel-color-kapsule-za-pranje-rublja-60-pranja\/","title":{"rendered":"ARIEL Color+, kapsule za pranje rublja, 60 pranja"},"content":{"rendered":"<p>Kapsule Ariel Allin1 Pods Color+ imaju vi\u0161e odjeljaka u kojima sastojci ostaju odvojeni sve dok ne zapo\u010dne pranje. <\/p>\n<p>U doticaju s vodom folija se potpuno otapa te tako osloba\u0111a mo\u0107ne tehnologije \u010di\u0161\u0107enja koje uklanjaju najrazli\u010ditije mrlje odgovaraju\u0107om dozom deterd\u017eenta.<\/p>\n","protected":false},"excerpt":{"rendered":"<p>Razvijeno za pranje na niskim temperaturama koriste\u0107i Cool Clean tehnologiju<br \/>\nOmot kapsula 100 % topiv u vodi<br \/>\nAmbala\u017ea se mo\u017ee reciklirati<\/p>\n","protected":false},"featured_media":0,"template":"","meta":{"_seopress_robots_primary_cat":"","_seopress_titles_title":"","_seopress_titles_desc":"","_seopress_robots_index":"","iawp_total_views":0},"product_brand":[427],"product_cat":[283,238],"product_tag":[],"class_list":{"0":"post-42448","1":"product","2":"type-product","3":"status-publish","5":"product_brand-ariel","6":"product_cat-pranje-rublja-238","7":"product_cat-sve-za-dom","9":"first","10":"outofstock","11":"shipping-taxable","12":"purchasable","13":"product-type-simple"},"_links":{"self":[{"href":"https:\/\/singuli.wpress.me\/index.php\/wp-json\/wp\/v2\/product\/42448","targetHints":{"allow":["GET"]}}],"collection":[{"href":"https:\/\/singuli.wpress.me\/index.php\/wp-json\/wp\/v2\/product"}],"about":[{"href":"https:\/\/singuli.wpress.me\/index.php\/wp-json\/wp\/v2\/types\/product"}],"version-history":[{"count":0,"href":"https:\/\/singuli.wpress.me\/index.php\/wp-json\/wp\/v2\/product\/42448\/revisions"}],"wp:attachment":[{"href":"https:\/\/singuli.wpress.me\/index.php\/wp-json\/wp\/v2\/media?parent=42448"}],"wp:term":[{"taxonomy":"product_brand","embeddable":true,"href":"https:\/\/singuli.wpress.me\/index.php\/wp-json\/wp\/v2\/product_brand?post=42448"},{"taxonomy":"product_cat","embeddable":true,"href":"https:\/\/singuli.wpress.me\/index.php\/wp-json\/wp\/v2\/product_cat?post=42448"},{"taxonomy":"product_tag","embeddable":true,"href":"https:\/\/singuli.wpress.me\/index.php\/wp-json\/wp\/v2\/product_tag?post=42448"}],"curies":[{"name":"wp","href":"https:\/\/api.w.org\/{rel}","templated":true}]}}