{"id":42452,"date":"2026-04-19T15:27:43","date_gmt":"2026-04-19T15:27:43","guid":{"rendered":"https:\/\/singuli.wpress.me\/index.php\/proizvod\/games-drustvena-igra-pictionary-air\/"},"modified":"2026-04-21T00:27:18","modified_gmt":"2026-04-21T00:27:18","slug":"games-drustvena-igra-pictionary-air","status":"publish","type":"product","link":"https:\/\/singuli.wpress.me\/index.php\/proizvod\/games-drustvena-igra-pictionary-air\/","title":{"rendered":"GAMES, dru\u0161tvena igra, Pictionary Air"},"content":{"rendered":"<p>Preuzmite besplatnu aplikaciju Pictionary Air, na pametni telefon ili tablet i zapo\u010dnite s igrom. Crtajte po zraku, a rezultat \u0107e se prikazivati na zaslonu. Kameru usmjerite prema crta\u010du koji \u0107e se zatim zajedno sa svojim crte\u017eom prikazati na zaslonu pametnog telefona.<\/p>\n<p>Naizmjeni\u010dno crtajte pojmove po zraku dok va\u0161i suigra\u010di poku\u0161avaju pogoditi \u0161to se prikazuje na zaslonu. Pobje\u0111uje tim s najvi\u0161e bodova!<\/p>\n<p>Jednostavna aplikacija omogu\u0107ava vam pra\u0107enje rezultata i njihovu reprodukciju za jo\u0161 vi\u0161e smijeha izme\u0111u crtanja ili pak njihovo spremanje i dijeljenje s prijateljima.<\/p>\n<p>Podesite mjera\u010d trajanja crtanja i broj krugova. Na\u010din autoportreta omogu\u0107ava vam crtanje bez vremenskih ograni\u010denja ili rundi.<\/p>\n<p>Sadr\u017ei olovku Pictionary Air\u2122, 112 dvostranih karti s pojmovima i kutiju za karte. <\/p>\n<p>U pakiranju je prilo\u017eena jedna AA alkalna baterija.<\/p>\n","protected":false},"excerpt":{"rendered":"<p>Crtanje  po zraku<br \/>\nJednostavna aplikacija<br \/>\nSadr\u017ei olovku Pictionary Air\u2122, 112 dvostranih karti s pojmovima i kutiju za karte<\/p>\n","protected":false},"featured_media":0,"template":"","meta":{"_seopress_robots_primary_cat":"","_seopress_titles_title":"","_seopress_titles_desc":"","_seopress_robots_index":"","iawp_total_views":0},"product_brand":[390],"product_cat":[290,221],"product_tag":[],"class_list":{"0":"post-42452","1":"product","2":"type-product","3":"status-publish","5":"product_brand-games","6":"product_cat-drustvene-igre-221","7":"product_cat-igracke","9":"first","10":"instock","11":"shipping-taxable","12":"purchasable","13":"product-type-simple"},"_links":{"self":[{"href":"https:\/\/singuli.wpress.me\/index.php\/wp-json\/wp\/v2\/product\/42452","targetHints":{"allow":["GET"]}}],"collection":[{"href":"https:\/\/singuli.wpress.me\/index.php\/wp-json\/wp\/v2\/product"}],"about":[{"href":"https:\/\/singuli.wpress.me\/index.php\/wp-json\/wp\/v2\/types\/product"}],"version-history":[{"count":0,"href":"https:\/\/singuli.wpress.me\/index.php\/wp-json\/wp\/v2\/product\/42452\/revisions"}],"wp:attachment":[{"href":"https:\/\/singuli.wpress.me\/index.php\/wp-json\/wp\/v2\/media?parent=42452"}],"wp:term":[{"taxonomy":"product_brand","embeddable":true,"href":"https:\/\/singuli.wpress.me\/index.php\/wp-json\/wp\/v2\/product_brand?post=42452"},{"taxonomy":"product_cat","embeddable":true,"href":"https:\/\/singuli.wpress.me\/index.php\/wp-json\/wp\/v2\/product_cat?post=42452"},{"taxonomy":"product_tag","embeddable":true,"href":"https:\/\/singuli.wpress.me\/index.php\/wp-json\/wp\/v2\/product_tag?post=42452"}],"curies":[{"name":"wp","href":"https:\/\/api.w.org\/{rel}","templated":true}]}}