{"id":42453,"date":"2026-04-19T15:27:44","date_gmt":"2026-04-19T15:27:44","guid":{"rendered":"https:\/\/singuli.wpress.me\/index.php\/proizvod\/always-dailies-normal-fresh-dnevni-ulosci-30-kom\/"},"modified":"2026-04-20T12:33:46","modified_gmt":"2026-04-20T12:33:46","slug":"always-dailies-normal-fresh-dnevni-ulosci-30-kom","status":"publish","type":"product","link":"https:\/\/singuli.wpress.me\/index.php\/proizvod\/always-dailies-normal-fresh-dnevni-ulosci-30-kom\/","title":{"rendered":"ALWAYS Dailies Normal Fresh, dnevni ulo\u0161ci, 30\u00a0kom"},"content":{"rendered":"<p>Ostanite svje\u017ei kao tratin\u010dica cijeli dan uz dnevne ulo\u0161ke Always Dailies Normal Fresh &amp; Protect. Dizajnirani da pru\u017ee savr\u0161enu kombinaciju udobnosti i za\u0161tite, mo\u017eete se osloniti na njih svaki dan bez brige ho\u0107ete li ih osjetiti. Idealni su za vaginalni iscjedak, jer dodatna za\u0161tita za neredovite menstruacije i za dane slabe menstruacije ili slabog curenja.<\/p>\n<p>&#8211; Toliko fleksibilni da ih jedva osje\u0107ate.<br \/>\n&#8211; Dnevni ulo\u0161ci s upijaju\u0107om jezgrom pru\u017eaju pouzdanu za\u0161titu tijekom cijelog dana.<br \/>\n&#8211; Tehnologija neutralizacije mirisa \u010dini da se osje\u0107ate svje\u017ee i samopouzdano cijeli dan.<br \/>\n&#8211; Odobreno od strane dermatologa Skin Health Alliance.<br \/>\n&#8211; FSC certificirana ambala\u017ea.<\/p>\n<p>Upozorenje: Kako biste izbjegli opasnost od gu\u0161enja, dr\u017eite svu ambala\u017eu podalje od dojen\u010dadi i djece.<\/p>\n<p>Nemojte pu\u0161tati vodu u WC \u0161koljku. \u010cuvati na hladnom i suhom mjestu.<\/p>\n","protected":false},"excerpt":{"rendered":"<p>Dermatolo\u0161ki provjereno.<br \/>\nSuper upijaju\u0107a jezgra.<br \/>\nSavr\u0161eno prianja i u\u010dinkovito zadr\u017eava oblik.<\/p>\n","protected":false},"featured_media":0,"template":"","meta":{"_seopress_robots_primary_cat":"","_seopress_titles_title":"","_seopress_titles_desc":"","_seopress_robots_index":"","iawp_total_views":0},"product_brand":[449],"product_cat":[211,288],"product_tag":[],"class_list":{"0":"post-42453","1":"product","2":"type-product","3":"status-publish","5":"product_brand-always","6":"product_cat-njega-majke-i-djeteta","7":"product_cat-zenska-higijena-211","9":"first","10":"outofstock","11":"shipping-taxable","12":"purchasable","13":"product-type-simple"},"_links":{"self":[{"href":"https:\/\/singuli.wpress.me\/index.php\/wp-json\/wp\/v2\/product\/42453","targetHints":{"allow":["GET"]}}],"collection":[{"href":"https:\/\/singuli.wpress.me\/index.php\/wp-json\/wp\/v2\/product"}],"about":[{"href":"https:\/\/singuli.wpress.me\/index.php\/wp-json\/wp\/v2\/types\/product"}],"version-history":[{"count":0,"href":"https:\/\/singuli.wpress.me\/index.php\/wp-json\/wp\/v2\/product\/42453\/revisions"}],"wp:attachment":[{"href":"https:\/\/singuli.wpress.me\/index.php\/wp-json\/wp\/v2\/media?parent=42453"}],"wp:term":[{"taxonomy":"product_brand","embeddable":true,"href":"https:\/\/singuli.wpress.me\/index.php\/wp-json\/wp\/v2\/product_brand?post=42453"},{"taxonomy":"product_cat","embeddable":true,"href":"https:\/\/singuli.wpress.me\/index.php\/wp-json\/wp\/v2\/product_cat?post=42453"},{"taxonomy":"product_tag","embeddable":true,"href":"https:\/\/singuli.wpress.me\/index.php\/wp-json\/wp\/v2\/product_tag?post=42453"}],"curies":[{"name":"wp","href":"https:\/\/api.w.org\/{rel}","templated":true}]}}