{"id":42458,"date":"2026-04-19T15:27:45","date_gmt":"2026-04-19T15:27:45","guid":{"rendered":"https:\/\/singuli.wpress.me\/index.php\/proizvod\/bison-ljepilo-u-spreju-200-ml\/"},"modified":"2026-04-21T00:27:18","modified_gmt":"2026-04-21T00:27:18","slug":"bison-ljepilo-u-spreju-200-ml","status":"publish","type":"product","link":"https:\/\/singuli.wpress.me\/index.php\/proizvod\/bison-ljepilo-u-spreju-200-ml\/","title":{"rendered":"BISON, ljepilo, u spreju, 200\u00a0ml"},"content":{"rendered":"<p>Kontaktno ljepilo u spreju.<\/p>\n<p>Za lijepljenje papira, kartona, kola\u017ea, metalnih folija, ko\u017ee, filca, mnogo vrsta plastike, tekstila, Styrofoam\u00ae itd. sa sobom i mnogim drugim materijalima kao \u0161to su drvo, keramika, staklo itd.<\/p>\n<p>Nije prikladno za PE, PP.<\/p>\n","protected":false},"excerpt":{"rendered":"<p>Za privremeno i trajno pri\u010dvr\u0161\u0107ivanje<br \/>\nLako se upotrebljava<br \/>\nOtporno na vlagu<\/p>\n","protected":false},"featured_media":0,"template":"","meta":{"_seopress_robots_primary_cat":"","_seopress_titles_title":"","_seopress_titles_desc":"","_seopress_robots_index":"","iawp_total_views":0},"product_brand":[494],"product_cat":[264,238],"product_tag":[],"class_list":{"0":"post-42458","1":"product","2":"type-product","3":"status-publish","5":"product_brand-bison","6":"product_cat-ljepila-i-brtvila-238","7":"product_cat-sve-za-dom","9":"first","10":"instock","11":"shipping-taxable","12":"purchasable","13":"product-type-simple"},"_links":{"self":[{"href":"https:\/\/singuli.wpress.me\/index.php\/wp-json\/wp\/v2\/product\/42458","targetHints":{"allow":["GET"]}}],"collection":[{"href":"https:\/\/singuli.wpress.me\/index.php\/wp-json\/wp\/v2\/product"}],"about":[{"href":"https:\/\/singuli.wpress.me\/index.php\/wp-json\/wp\/v2\/types\/product"}],"version-history":[{"count":0,"href":"https:\/\/singuli.wpress.me\/index.php\/wp-json\/wp\/v2\/product\/42458\/revisions"}],"wp:attachment":[{"href":"https:\/\/singuli.wpress.me\/index.php\/wp-json\/wp\/v2\/media?parent=42458"}],"wp:term":[{"taxonomy":"product_brand","embeddable":true,"href":"https:\/\/singuli.wpress.me\/index.php\/wp-json\/wp\/v2\/product_brand?post=42458"},{"taxonomy":"product_cat","embeddable":true,"href":"https:\/\/singuli.wpress.me\/index.php\/wp-json\/wp\/v2\/product_cat?post=42458"},{"taxonomy":"product_tag","embeddable":true,"href":"https:\/\/singuli.wpress.me\/index.php\/wp-json\/wp\/v2\/product_tag?post=42458"}],"curies":[{"name":"wp","href":"https:\/\/api.w.org\/{rel}","templated":true}]}}