{"id":42459,"date":"2026-04-19T15:27:46","date_gmt":"2026-04-19T15:27:46","guid":{"rendered":"https:\/\/singuli.wpress.me\/index.php\/proizvod\/tomy-igracka-jurassic-jaja-u-vrtuljku\/"},"modified":"2026-04-20T12:33:46","modified_gmt":"2026-04-20T12:33:46","slug":"tomy-igracka-jurassic-jaja-u-vrtuljku","status":"publish","type":"product","link":"https:\/\/singuli.wpress.me\/index.php\/proizvod\/tomy-igracka-jurassic-jaja-u-vrtuljku\/","title":{"rendered":"TOMY, igra\u010dka, Jurassic jaja u vrtuljku"},"content":{"rendered":"<p>Ovaj veseli vrtuljak uklju\u010duje 5 razli\u010ditih jaja, a u svakom se skriva po jedan Dinosaur: T- Rex, Raptos, Stegosaurus, Triceratops i Pteranodon. <\/p>\n<p>Prostresi svakog od njih kako bi \u010duli kako re\u017ee. Spoji svakog dinosaura s to\u010dnom bojom njihovog jaja \u2013 razvija logiku i rje\u0161avanje problema.<\/p>\n<p>Postavi jaja na svoja mjesta u vrtuljku i pomozi im da se izlegnu! Pritisni gumb na vrhu i gledaj kako se vrte. Pritsni da se vrte \u0161to br\u017ee&#8230;..i ispadaju! Izlegnuli su se! Spoji ih sa svojim ljuskama i poku\u0161aj ponovno ili ih vrati natrag u vrtuljak i spremi ih.<\/p>\n<p>Za rad nisu potrebne baterije. <\/p>\n<p>Dob: 12 mjeseci +<\/p>\n","protected":false},"excerpt":{"rendered":"<p>Uklju\u010duje 5 razli\u010ditih jaja<br \/>\nRazvija logiku i rje\u0161avanje problema<br \/>\nDob: 12 mjeseci+<\/p>\n","protected":false},"featured_media":0,"template":"","meta":{"_seopress_robots_primary_cat":"","_seopress_titles_title":"","_seopress_titles_desc":"","_seopress_robots_index":"","iawp_total_views":0},"product_brand":[487],"product_cat":[221,291],"product_tag":[],"class_list":{"0":"post-42459","1":"product","2":"type-product","3":"status-publish","5":"product_brand-tomy","6":"product_cat-igracke","7":"product_cat-igracke-za-djecu-221","9":"first","10":"instock","11":"shipping-taxable","12":"purchasable","13":"product-type-simple"},"_links":{"self":[{"href":"https:\/\/singuli.wpress.me\/index.php\/wp-json\/wp\/v2\/product\/42459","targetHints":{"allow":["GET"]}}],"collection":[{"href":"https:\/\/singuli.wpress.me\/index.php\/wp-json\/wp\/v2\/product"}],"about":[{"href":"https:\/\/singuli.wpress.me\/index.php\/wp-json\/wp\/v2\/types\/product"}],"version-history":[{"count":0,"href":"https:\/\/singuli.wpress.me\/index.php\/wp-json\/wp\/v2\/product\/42459\/revisions"}],"wp:attachment":[{"href":"https:\/\/singuli.wpress.me\/index.php\/wp-json\/wp\/v2\/media?parent=42459"}],"wp:term":[{"taxonomy":"product_brand","embeddable":true,"href":"https:\/\/singuli.wpress.me\/index.php\/wp-json\/wp\/v2\/product_brand?post=42459"},{"taxonomy":"product_cat","embeddable":true,"href":"https:\/\/singuli.wpress.me\/index.php\/wp-json\/wp\/v2\/product_cat?post=42459"},{"taxonomy":"product_tag","embeddable":true,"href":"https:\/\/singuli.wpress.me\/index.php\/wp-json\/wp\/v2\/product_tag?post=42459"}],"curies":[{"name":"wp","href":"https:\/\/api.w.org\/{rel}","templated":true}]}}