{"id":42461,"date":"2026-04-19T15:27:47","date_gmt":"2026-04-19T15:27:47","guid":{"rendered":"https:\/\/singuli.wpress.me\/index.php\/proizvod\/helix-ult-prof-af-5w30-motorno-ulje-za-osobna-vozila-20-l-2\/"},"modified":"2026-04-20T12:33:46","modified_gmt":"2026-04-20T12:33:46","slug":"helix-ult-prof-af-5w30-motorno-ulje-za-osobna-vozila-20-l-2","status":"publish","type":"product","link":"https:\/\/singuli.wpress.me\/index.php\/proizvod\/helix-ult-prof-af-5w30-motorno-ulje-za-osobna-vozila-20-l-2\/","title":{"rendered":"HELIX ULT. PROF AF 5W30, motorno ulje za osobna vozila, 20\u00a0l"},"content":{"rendered":"<p>Potpuno sinteti\u010dko motorno ulje, dizajnirano da ispuni  zahtjeve posebnih motora visokih performansi, uklju\u010duju\u0107i Ford i one koji zahtijevaju ACEA A5\/B5 specifikaciju. <\/p>\n<p>Prolazi opse\u017ean niz testova performansi kako bi zadovoljio specifikaciju motornog ulja WSS-M2C913-C. <\/p>\n<p>Zadovoljava ACEA standard u\u0161tede goriva MB M111FE s pobolj\u0161anjem u\u0161tede goriva do 3%.<\/p>\n<p><span style=\"font-weight: bold\">Specifikacija: <\/span>API SL; ACEA A5\/B5; Ford WSS-M2C913-C i WSS-M2C913-D; Jaguar Land Rover STJLR.03.5003<\/p>\n","protected":false},"excerpt":{"rendered":"<p>Pove\u0107ava u\u0161tedu goriva<br \/>\nZa\u0161tita od korozije<br \/>\nSpecifikacija u opisu<\/p>\n","protected":false},"featured_media":0,"template":"","meta":{"_seopress_robots_primary_cat":"","_seopress_titles_title":"","_seopress_titles_desc":"","_seopress_robots_index":"","iawp_total_views":0},"product_brand":[398],"product_cat":[243,272],"product_tag":[],"class_list":{"0":"post-42461","1":"product","2":"type-product","3":"status-publish","5":"product_brand-helix","6":"product_cat-automobili-i-motori","7":"product_cat-motorna-ulja-243","9":"first","10":"outofstock","11":"shipping-taxable","12":"purchasable","13":"product-type-simple"},"_links":{"self":[{"href":"https:\/\/singuli.wpress.me\/index.php\/wp-json\/wp\/v2\/product\/42461","targetHints":{"allow":["GET"]}}],"collection":[{"href":"https:\/\/singuli.wpress.me\/index.php\/wp-json\/wp\/v2\/product"}],"about":[{"href":"https:\/\/singuli.wpress.me\/index.php\/wp-json\/wp\/v2\/types\/product"}],"version-history":[{"count":0,"href":"https:\/\/singuli.wpress.me\/index.php\/wp-json\/wp\/v2\/product\/42461\/revisions"}],"wp:attachment":[{"href":"https:\/\/singuli.wpress.me\/index.php\/wp-json\/wp\/v2\/media?parent=42461"}],"wp:term":[{"taxonomy":"product_brand","embeddable":true,"href":"https:\/\/singuli.wpress.me\/index.php\/wp-json\/wp\/v2\/product_brand?post=42461"},{"taxonomy":"product_cat","embeddable":true,"href":"https:\/\/singuli.wpress.me\/index.php\/wp-json\/wp\/v2\/product_cat?post=42461"},{"taxonomy":"product_tag","embeddable":true,"href":"https:\/\/singuli.wpress.me\/index.php\/wp-json\/wp\/v2\/product_tag?post=42461"}],"curies":[{"name":"wp","href":"https:\/\/api.w.org\/{rel}","templated":true}]}}