{"id":42465,"date":"2026-04-19T15:27:48","date_gmt":"2026-04-19T15:27:48","guid":{"rendered":"https:\/\/singuli.wpress.me\/index.php\/proizvod\/john-deere-extreme-gard-80w-90-mjenjacko-ulje-20-l\/"},"modified":"2026-04-20T12:33:46","modified_gmt":"2026-04-20T12:33:46","slug":"john-deere-extreme-gard-80w-90-mjenjacko-ulje-20-l","status":"publish","type":"product","link":"https:\/\/singuli.wpress.me\/index.php\/proizvod\/john-deere-extreme-gard-80w-90-mjenjacko-ulje-20-l\/","title":{"rendered":"JOHN DEERE Extreme-Gard 80W-90, mjenja\u010dko ulje, 20\u00a0l"},"content":{"rendered":"<p>John Deere ulje za prijenos vrlo visokog tlaka je visokokvalitetno ulje za mehani\u010dke prijenosnike i mjenja\u010de, koje osigurava izvrsnu za\u0161titu od tro\u0161enja i oksidacije, pobolj\u0161ava \u010disto\u0107u komponenti i pru\u017ea visoku toplinsku stabilnost.<\/p>\n","protected":false},"excerpt":{"rendered":"<p>Specijalno formulirano za rad pod ekstremnim optere\u0107enjima<br \/>\nOdr\u017eava svoja podmazuju\u0107a svojstva i pri visokim radnim temperaturama<br \/>\nNapredna formula aktivno sprje\u010dava oksidaciju i nakupljanje taloga<\/p>\n","protected":false},"featured_media":0,"template":"","meta":{"_seopress_robots_primary_cat":"","_seopress_titles_title":"","_seopress_titles_desc":"","_seopress_robots_index":"","iawp_total_views":0},"product_brand":[822],"product_cat":[243,276],"product_tag":[],"class_list":{"0":"post-42465","1":"product","2":"type-product","3":"status-publish","5":"product_brand-john-deere","6":"product_cat-automobili-i-motori","7":"product_cat-industrijska-i-specijalna-ulja-243","9":"first","10":"instock","11":"shipping-taxable","12":"purchasable","13":"product-type-simple"},"_links":{"self":[{"href":"https:\/\/singuli.wpress.me\/index.php\/wp-json\/wp\/v2\/product\/42465","targetHints":{"allow":["GET"]}}],"collection":[{"href":"https:\/\/singuli.wpress.me\/index.php\/wp-json\/wp\/v2\/product"}],"about":[{"href":"https:\/\/singuli.wpress.me\/index.php\/wp-json\/wp\/v2\/types\/product"}],"version-history":[{"count":0,"href":"https:\/\/singuli.wpress.me\/index.php\/wp-json\/wp\/v2\/product\/42465\/revisions"}],"wp:attachment":[{"href":"https:\/\/singuli.wpress.me\/index.php\/wp-json\/wp\/v2\/media?parent=42465"}],"wp:term":[{"taxonomy":"product_brand","embeddable":true,"href":"https:\/\/singuli.wpress.me\/index.php\/wp-json\/wp\/v2\/product_brand?post=42465"},{"taxonomy":"product_cat","embeddable":true,"href":"https:\/\/singuli.wpress.me\/index.php\/wp-json\/wp\/v2\/product_cat?post=42465"},{"taxonomy":"product_tag","embeddable":true,"href":"https:\/\/singuli.wpress.me\/index.php\/wp-json\/wp\/v2\/product_tag?post=42465"}],"curies":[{"name":"wp","href":"https:\/\/api.w.org\/{rel}","templated":true}]}}