{"id":42466,"date":"2026-04-19T15:27:48","date_gmt":"2026-04-19T15:27:48","guid":{"rendered":"https:\/\/singuli.wpress.me\/index.php\/proizvod\/bison-set-sanitarni-transparentni-silikon-280ml-super-glue-gel-2g\/"},"modified":"2026-04-21T00:27:18","modified_gmt":"2026-04-21T00:27:18","slug":"bison-set-sanitarni-transparentni-silikon-280ml-super-glue-gel-2g","status":"publish","type":"product","link":"https:\/\/singuli.wpress.me\/index.php\/proizvod\/bison-set-sanitarni-transparentni-silikon-280ml-super-glue-gel-2g\/","title":{"rendered":"BISON, set, sanitarni transparentni silikon 280ml + super glue gel 2g"},"content":{"rendered":"<p>Vodootporno silikonsko brtvilo za sve sanitarne primjene.<\/p>\n<p>Trenutno ljepilo. Ne kaplje i privremeno se mo\u017ee korigirati.<\/p>\n","protected":false},"excerpt":{"rendered":"<p>Popunjavanje fuga izme\u0111u kerami\u010dkih plo\u010dica<br \/>\nFleksibilnost i otpornost na vodu<br \/>\nTrenutno ljepilo ne kaplje i mo\u017ee ga se korigirati<\/p>\n","protected":false},"featured_media":0,"template":"","meta":{"_seopress_robots_primary_cat":"","_seopress_titles_title":"","_seopress_titles_desc":"","_seopress_robots_index":"","iawp_total_views":0},"product_brand":[494],"product_cat":[264,238],"product_tag":[],"class_list":{"0":"post-42466","1":"product","2":"type-product","3":"status-publish","5":"product_brand-bison","6":"product_cat-ljepila-i-brtvila-238","7":"product_cat-sve-za-dom","9":"first","10":"outofstock","11":"shipping-taxable","12":"purchasable","13":"product-type-simple"},"_links":{"self":[{"href":"https:\/\/singuli.wpress.me\/index.php\/wp-json\/wp\/v2\/product\/42466","targetHints":{"allow":["GET"]}}],"collection":[{"href":"https:\/\/singuli.wpress.me\/index.php\/wp-json\/wp\/v2\/product"}],"about":[{"href":"https:\/\/singuli.wpress.me\/index.php\/wp-json\/wp\/v2\/types\/product"}],"version-history":[{"count":0,"href":"https:\/\/singuli.wpress.me\/index.php\/wp-json\/wp\/v2\/product\/42466\/revisions"}],"wp:attachment":[{"href":"https:\/\/singuli.wpress.me\/index.php\/wp-json\/wp\/v2\/media?parent=42466"}],"wp:term":[{"taxonomy":"product_brand","embeddable":true,"href":"https:\/\/singuli.wpress.me\/index.php\/wp-json\/wp\/v2\/product_brand?post=42466"},{"taxonomy":"product_cat","embeddable":true,"href":"https:\/\/singuli.wpress.me\/index.php\/wp-json\/wp\/v2\/product_cat?post=42466"},{"taxonomy":"product_tag","embeddable":true,"href":"https:\/\/singuli.wpress.me\/index.php\/wp-json\/wp\/v2\/product_tag?post=42466"}],"curies":[{"name":"wp","href":"https:\/\/api.w.org\/{rel}","templated":true}]}}