{"id":42473,"date":"2026-04-19T15:27:49","date_gmt":"2026-04-19T15:27:49","guid":{"rendered":"https:\/\/singuli.wpress.me\/index.php\/proizvod\/revlon-salon-straight-copper-smooth-pegla-za-kosu\/"},"modified":"2026-04-20T12:33:46","modified_gmt":"2026-04-20T12:33:46","slug":"revlon-salon-straight-copper-smooth-pegla-za-kosu","status":"publish","type":"product","link":"https:\/\/singuli.wpress.me\/index.php\/proizvod\/revlon-salon-straight-copper-smooth-pegla-za-kosu\/","title":{"rendered":"REVLON Salon Straight Copper Smooth, pegla za kosu"},"content":{"rendered":"<p>Ekskluzivna Super XL 125 mm duljina plo\u010de, za vi\u0161e pokrivanja, br\u017ei rezultati, manje o\u0161te\u0107enja.<\/p>\n<p>Napredna tehnologija bakrene 3X kerami\u010dke plo\u010de brzo prenosi toplinu i poma\u017ee u smanjenju \u0161tete od pretjeranog stiliziranja, ravnomjerna raspodjela topline unutar 24 sata.<\/p>\n<p>81% manje loma i 63% vi\u0161e sjaja.<\/p>\n<p>True-Grip zaobljena plo\u010da za glatko klizanje, zaobljene plo\u010de stvaraju kovr\u010de ili labave valove.<\/p>\n<p>30 varijabilnih digitalnih postavki za pode\u0161avanje topline &#8211; od 80C do 235C. Professional High Heat Power on \/ off i promjenjive postavke topline LCD-a, za preciznu kontrolu stila i fleksibilnost za sve tipove kose.<\/p>\n<p>60-minutno automatsko isklju\u010divanje, ergonomskog dizajna, s naslonom palca, automatskim dvostrukim naponom za putovanje \u0161irom svijeta, udubljenim tipkama za spre\u010davanje slu\u010dajnog isklju\u010divanja, vrlo dugim okretnim kablom bez zapetljanja, prekida\u010dem za zaklju\u010davanje plo\u010de.<\/p>\n","protected":false},"excerpt":{"rendered":"<p>Napredna tehnologija bakrene 3X kerami\u010dke plo\u010de brzo prenosi toplinu i poma\u017ee u smanjenju \u0161tete od pretjeranog stiliziranja<br \/>\n81% manje loma i 63% vi\u0161e sjaja<br \/>\n30 varijabilnih digitalnih postavki za pode\u0161avanje topline<\/p>\n","protected":false},"featured_media":0,"template":"","meta":{"_seopress_robots_primary_cat":"","_seopress_titles_title":"","_seopress_titles_desc":"","_seopress_robots_index":"","iawp_total_views":0},"product_brand":[155],"product_cat":[192,319],"product_tag":[],"class_list":{"0":"post-42473","1":"product","2":"type-product","3":"status-publish","5":"product_brand-revlon","6":"product_cat-aparati-za-osobnu-njegu","7":"product_cat-susila-za-kosu-pegla-i-uvijaci-192","9":"first","10":"instock","11":"shipping-taxable","12":"purchasable","13":"product-type-simple"},"_links":{"self":[{"href":"https:\/\/singuli.wpress.me\/index.php\/wp-json\/wp\/v2\/product\/42473","targetHints":{"allow":["GET"]}}],"collection":[{"href":"https:\/\/singuli.wpress.me\/index.php\/wp-json\/wp\/v2\/product"}],"about":[{"href":"https:\/\/singuli.wpress.me\/index.php\/wp-json\/wp\/v2\/types\/product"}],"version-history":[{"count":0,"href":"https:\/\/singuli.wpress.me\/index.php\/wp-json\/wp\/v2\/product\/42473\/revisions"}],"wp:attachment":[{"href":"https:\/\/singuli.wpress.me\/index.php\/wp-json\/wp\/v2\/media?parent=42473"}],"wp:term":[{"taxonomy":"product_brand","embeddable":true,"href":"https:\/\/singuli.wpress.me\/index.php\/wp-json\/wp\/v2\/product_brand?post=42473"},{"taxonomy":"product_cat","embeddable":true,"href":"https:\/\/singuli.wpress.me\/index.php\/wp-json\/wp\/v2\/product_cat?post=42473"},{"taxonomy":"product_tag","embeddable":true,"href":"https:\/\/singuli.wpress.me\/index.php\/wp-json\/wp\/v2\/product_tag?post=42473"}],"curies":[{"name":"wp","href":"https:\/\/api.w.org\/{rel}","templated":true}]}}