{"id":42479,"date":"2026-04-19T15:27:53","date_gmt":"2026-04-19T15:27:53","guid":{"rendered":"https:\/\/singuli.wpress.me\/index.php\/proizvod\/bison-montagekit-extreme-grip-traka-19mm-x-15m\/"},"modified":"2026-04-21T00:27:18","modified_gmt":"2026-04-21T00:27:18","slug":"bison-montagekit-extreme-grip-traka-19mm-x-15m","status":"publish","type":"product","link":"https:\/\/singuli.wpress.me\/index.php\/proizvod\/bison-montagekit-extreme-grip-traka-19mm-x-15m\/","title":{"rendered":"BISON Montagekit Extreme, grip traka, 19mm X 1,5m"},"content":{"rendered":"<p>Obostranaprozirna monta\u017ena traka s iznimno visokom po\u010detnom snagom spoja. <\/p>\n<p>Iznimno visoka po\u010detna snaga spoja: 120 kg\/rola, lako se trga. <\/p>\n<p>Idealna za brzo i jednostavno spajanje npr. zidnih lajsni, po\u0161tanskih sandu\u010di\u0107a, gra\u0111evinskih plo\u010da, plo\u010dica, plo\u010dica s imenom, ku\u0107nih brojeva, detektora dima, kukica za vje\u0161anje, razvodnih kutija i pribora. Prikladna i za ukrasne ornamente i ukrasne rubove od poliuretanske i polistirenske pjene na glatkim i hrapavim povr\u0161inama.<\/p>\n<p>Otporna na temperature od -10 \u00b0C do +75 \u00b0C i na vlagu. <\/p>\n","protected":false},"excerpt":{"rendered":"<p>Vrlo visoka zavr\u0161na snaga spoja<br \/>\nPoja\u010dana tkaninom<br \/>\nUniverzalna primjena<\/p>\n","protected":false},"featured_media":0,"template":"","meta":{"_seopress_robots_primary_cat":"","_seopress_titles_title":"","_seopress_titles_desc":"","_seopress_robots_index":"","iawp_total_views":0},"product_brand":[494],"product_cat":[264,238],"product_tag":[],"class_list":{"0":"post-42479","1":"product","2":"type-product","3":"status-publish","5":"product_brand-bison","6":"product_cat-ljepila-i-brtvila-238","7":"product_cat-sve-za-dom","9":"first","10":"instock","11":"shipping-taxable","12":"purchasable","13":"product-type-simple"},"_links":{"self":[{"href":"https:\/\/singuli.wpress.me\/index.php\/wp-json\/wp\/v2\/product\/42479","targetHints":{"allow":["GET"]}}],"collection":[{"href":"https:\/\/singuli.wpress.me\/index.php\/wp-json\/wp\/v2\/product"}],"about":[{"href":"https:\/\/singuli.wpress.me\/index.php\/wp-json\/wp\/v2\/types\/product"}],"version-history":[{"count":0,"href":"https:\/\/singuli.wpress.me\/index.php\/wp-json\/wp\/v2\/product\/42479\/revisions"}],"wp:attachment":[{"href":"https:\/\/singuli.wpress.me\/index.php\/wp-json\/wp\/v2\/media?parent=42479"}],"wp:term":[{"taxonomy":"product_brand","embeddable":true,"href":"https:\/\/singuli.wpress.me\/index.php\/wp-json\/wp\/v2\/product_brand?post=42479"},{"taxonomy":"product_cat","embeddable":true,"href":"https:\/\/singuli.wpress.me\/index.php\/wp-json\/wp\/v2\/product_cat?post=42479"},{"taxonomy":"product_tag","embeddable":true,"href":"https:\/\/singuli.wpress.me\/index.php\/wp-json\/wp\/v2\/product_tag?post=42479"}],"curies":[{"name":"wp","href":"https:\/\/api.w.org\/{rel}","templated":true}]}}