{"id":42480,"date":"2026-04-19T15:27:54","date_gmt":"2026-04-19T15:27:54","guid":{"rendered":"https:\/\/singuli.wpress.me\/index.php\/proizvod\/twistshake-set-pribora-za-jelo-pastel-rozi\/"},"modified":"2026-04-21T00:27:18","modified_gmt":"2026-04-21T00:27:18","slug":"twistshake-set-pribora-za-jelo-pastel-rozi","status":"publish","type":"product","link":"https:\/\/singuli.wpress.me\/index.php\/proizvod\/twistshake-set-pribora-za-jelo-pastel-rozi\/","title":{"rendered":"TWISTSHAKE, set pribora za jelo, pastel rozi"},"content":{"rendered":"<p>Twistshake set pribora za jelo u rozoj boji sadr\u017ei:<br \/>\n1x click-mat podloga (roza)<br \/>\n1x tanjuri\u0107 (rozi)<br \/>\n6x punjive vre\u0107ice za hranu 220 ml<br \/>\n1x bo\u010dica 300 ml (roza)<br \/>\n1x po\u010detni probor za jelo (bijeli)<br \/>\n2x podbradak (pastel rozi i bijeli)<\/p>\n","protected":false},"excerpt":{"rendered":"<p>Vrlo lagan i jednostavan za \u010di\u0161\u0107enje<br \/>\nDubok d\u017eepi\u0107 za hvatanje hrane<br \/>\nDodatna traka \u2013 koja se mo\u017ee prilagoditi djetetu<\/p>\n","protected":false},"featured_media":0,"template":"","meta":{"_seopress_robots_primary_cat":"","_seopress_titles_title":"","_seopress_titles_desc":"","_seopress_robots_index":"","iawp_total_views":0},"product_brand":[433],"product_cat":[274,238],"product_tag":[],"class_list":{"0":"post-42480","1":"product","2":"type-product","3":"status-publish","5":"product_brand-twistshake","6":"product_cat-kucanski-pribor-238","7":"product_cat-sve-za-dom","9":"first","10":"outofstock","11":"shipping-taxable","12":"purchasable","13":"product-type-simple"},"_links":{"self":[{"href":"https:\/\/singuli.wpress.me\/index.php\/wp-json\/wp\/v2\/product\/42480","targetHints":{"allow":["GET"]}}],"collection":[{"href":"https:\/\/singuli.wpress.me\/index.php\/wp-json\/wp\/v2\/product"}],"about":[{"href":"https:\/\/singuli.wpress.me\/index.php\/wp-json\/wp\/v2\/types\/product"}],"version-history":[{"count":0,"href":"https:\/\/singuli.wpress.me\/index.php\/wp-json\/wp\/v2\/product\/42480\/revisions"}],"wp:attachment":[{"href":"https:\/\/singuli.wpress.me\/index.php\/wp-json\/wp\/v2\/media?parent=42480"}],"wp:term":[{"taxonomy":"product_brand","embeddable":true,"href":"https:\/\/singuli.wpress.me\/index.php\/wp-json\/wp\/v2\/product_brand?post=42480"},{"taxonomy":"product_cat","embeddable":true,"href":"https:\/\/singuli.wpress.me\/index.php\/wp-json\/wp\/v2\/product_cat?post=42480"},{"taxonomy":"product_tag","embeddable":true,"href":"https:\/\/singuli.wpress.me\/index.php\/wp-json\/wp\/v2\/product_tag?post=42480"}],"curies":[{"name":"wp","href":"https:\/\/api.w.org\/{rel}","templated":true}]}}