{"id":42487,"date":"2026-04-19T15:27:56","date_gmt":"2026-04-19T15:27:56","guid":{"rendered":"https:\/\/singuli.wpress.me\/index.php\/proizvod\/aeroshell-gr-7-mast-1x3kg-3-kg\/"},"modified":"2026-04-21T00:27:18","modified_gmt":"2026-04-21T00:27:18","slug":"aeroshell-gr-7-mast-1x3kg-3-kg","status":"publish","type":"product","link":"https:\/\/singuli.wpress.me\/index.php\/proizvod\/aeroshell-gr-7-mast-1x3kg-3-kg\/","title":{"rendered":"AEROSHELL GR.7, mast, 1x3kg, 3\u00a0kg"},"content":{"rendered":"<\/p>\n<p><span style=\"font-weight: bold\">AeroShell Grease 7 <\/span>je visokokvalitetna vi\u0161enamjenska mast, sastavljena od sinteti\u010dkog ulja ugu\u0161\u0107enog Microgelom\uf0d2, s izvrsnim podno\u0161enjem optere\u0107enja u \u0161irokom temperaturnom rasponu. Spre\u010dava koroziju dijelova i izuzetno je otporna na ispiranje vodom. Preporu\u010da se za podmazivanje te\u0161ko optere\u0107enih zup\u010dani\u010dkih prijenosa, vij\u010danih mehanizama pobu\u0111ivanja itd. kao i instrumenata i konstrukcijskih elemenata zrakoplova unutar temperaturnog raspona od \u201373 \u00b0C do 121 \u00b0C. <\/p>\n<p><span style=\"font-weight: bold\">Specifikacija:<\/span> MIL-PRF-23827C (Type II), COMAC QPL-CMS-OL-302.<\/p>\n<p><span style=\"font-weight: bold\">Sigurnosno upozorenje:<\/span><\/p>\n<p><img decoding=\"async\" src=\"https:\/\/prod-minio-orbico.nd0.pl\/orbico.ohr\/Piktogrami\/Pozor.png\" alt=\"Pozor\" style=\"max-width: 10%;height: auto\"><\/p>\n<p>&#8211; H317 &#8211;&nbsp;Mo\u017ee izazvati alergijsku reakciju na ko\u017ei.<\/p>\n<p>&#8211; H412 &#8211;&nbsp;\u0160tetno za vodeni okoli\u0161 s dugotrajnim u\u010dincima.<\/p>\n","protected":false},"excerpt":{"rendered":"<p>Vi\u0161enamjenska mast za zrakoplove<br \/>\nVodootporna<br \/>\nAntikorozivna svojstva<\/p>\n","protected":false},"featured_media":0,"template":"","meta":{"_seopress_robots_primary_cat":"","_seopress_titles_title":"","_seopress_titles_desc":"","_seopress_robots_index":"","iawp_total_views":0},"product_brand":[482],"product_cat":[221,263],"product_tag":[],"class_list":{"0":"post-42487","1":"product","2":"type-product","3":"status-publish","5":"product_brand-aeroshell","6":"product_cat-igracke","7":"product_cat-tematske-igracke-221","9":"first","10":"outofstock","11":"shipping-taxable","12":"purchasable","13":"product-type-simple"},"_links":{"self":[{"href":"https:\/\/singuli.wpress.me\/index.php\/wp-json\/wp\/v2\/product\/42487","targetHints":{"allow":["GET"]}}],"collection":[{"href":"https:\/\/singuli.wpress.me\/index.php\/wp-json\/wp\/v2\/product"}],"about":[{"href":"https:\/\/singuli.wpress.me\/index.php\/wp-json\/wp\/v2\/types\/product"}],"version-history":[{"count":0,"href":"https:\/\/singuli.wpress.me\/index.php\/wp-json\/wp\/v2\/product\/42487\/revisions"}],"wp:attachment":[{"href":"https:\/\/singuli.wpress.me\/index.php\/wp-json\/wp\/v2\/media?parent=42487"}],"wp:term":[{"taxonomy":"product_brand","embeddable":true,"href":"https:\/\/singuli.wpress.me\/index.php\/wp-json\/wp\/v2\/product_brand?post=42487"},{"taxonomy":"product_cat","embeddable":true,"href":"https:\/\/singuli.wpress.me\/index.php\/wp-json\/wp\/v2\/product_cat?post=42487"},{"taxonomy":"product_tag","embeddable":true,"href":"https:\/\/singuli.wpress.me\/index.php\/wp-json\/wp\/v2\/product_tag?post=42487"}],"curies":[{"name":"wp","href":"https:\/\/api.w.org\/{rel}","templated":true}]}}