{"id":42488,"date":"2026-04-19T15:27:57","date_gmt":"2026-04-19T15:27:57","guid":{"rendered":"https:\/\/singuli.wpress.me\/index.php\/proizvod\/lavazza-cappucino-zlicice-12-kom\/"},"modified":"2026-04-20T12:33:46","modified_gmt":"2026-04-20T12:33:46","slug":"lavazza-cappucino-zlicice-12-kom","status":"publish","type":"product","link":"https:\/\/singuli.wpress.me\/index.php\/proizvod\/lavazza-cappucino-zlicice-12-kom\/","title":{"rendered":"LAVAZZA Cappucino, \u017eli\u010dice, 12\u00a0kom"},"content":{"rendered":"<p>\u017dli\u010dice za <b>cappuccino<\/b> izra\u0111ene su od <b>inoxa<\/b> s modernim Lavazza dizajnom. Savr\u0161ene su duljine od <b>13,5 cm<\/b>, \u0161to ih \u010dini idealnim za standardne cappuccino \u0161alice. \u017dli\u010dice dolaze u pakiranju od <b>12 komada<\/b>.<\/p>\n","protected":false},"excerpt":{"rendered":"<p>Izra\u0111ene od inoxa (nehr\u0111aju\u0107eg \u010delika)<br \/>\nDuljina 13,5 cm, idealna za cappuccino<\/p>\n","protected":false},"featured_media":0,"template":"","meta":{"_seopress_robots_primary_cat":"","_seopress_titles_title":"","_seopress_titles_desc":"","_seopress_robots_index":"","iawp_total_views":0},"product_brand":[393],"product_cat":[274,238],"product_tag":[],"class_list":{"0":"post-42488","1":"product","2":"type-product","3":"status-publish","5":"product_brand-lavazza","6":"product_cat-kucanski-pribor-238","7":"product_cat-sve-za-dom","9":"first","10":"instock","11":"shipping-taxable","12":"purchasable","13":"product-type-simple"},"_links":{"self":[{"href":"https:\/\/singuli.wpress.me\/index.php\/wp-json\/wp\/v2\/product\/42488","targetHints":{"allow":["GET"]}}],"collection":[{"href":"https:\/\/singuli.wpress.me\/index.php\/wp-json\/wp\/v2\/product"}],"about":[{"href":"https:\/\/singuli.wpress.me\/index.php\/wp-json\/wp\/v2\/types\/product"}],"version-history":[{"count":0,"href":"https:\/\/singuli.wpress.me\/index.php\/wp-json\/wp\/v2\/product\/42488\/revisions"}],"wp:attachment":[{"href":"https:\/\/singuli.wpress.me\/index.php\/wp-json\/wp\/v2\/media?parent=42488"}],"wp:term":[{"taxonomy":"product_brand","embeddable":true,"href":"https:\/\/singuli.wpress.me\/index.php\/wp-json\/wp\/v2\/product_brand?post=42488"},{"taxonomy":"product_cat","embeddable":true,"href":"https:\/\/singuli.wpress.me\/index.php\/wp-json\/wp\/v2\/product_cat?post=42488"},{"taxonomy":"product_tag","embeddable":true,"href":"https:\/\/singuli.wpress.me\/index.php\/wp-json\/wp\/v2\/product_tag?post=42488"}],"curies":[{"name":"wp","href":"https:\/\/api.w.org\/{rel}","templated":true}]}}