{"id":42495,"date":"2026-04-19T15:27:58","date_gmt":"2026-04-19T15:27:58","guid":{"rendered":"https:\/\/singuli.wpress.me\/index.php\/proizvod\/lenor-cotton-freshness-omeksivac-1200-ml\/"},"modified":"2026-04-20T12:33:46","modified_gmt":"2026-04-20T12:33:46","slug":"lenor-cotton-freshness-omeksivac-1200-ml","status":"publish","type":"product","link":"https:\/\/singuli.wpress.me\/index.php\/proizvod\/lenor-cotton-freshness-omeksivac-1200-ml\/","title":{"rendered":"LENOR Cotton Freshness, omek\u0161iva\u010d, 1200\u00a0ml"},"content":{"rendered":"<p>Uz omek\u0161iva\u010d rublja Lenor Cotton Freshness s biljim sastojcima za meko\u0107u osje\u0107at \u0107ete se dobro u svakoj tkanini uz najbolju Lenorovu svje\u017einu do sada. <\/p>\n<p>Pru\u017ea dugotrajnu svje\u017einu do tjedan dana, bo\u017eanstvenu meko\u0107u i omogu\u0107uje lako gla\u010danje. <\/p>\n<p>_x000D_Boca se mo\u017ee ponovno reciklirati.<\/p>\n","protected":false},"excerpt":{"rendered":"<p>Biljni sastojci pru\u017eaju meko\u0107u rublju<br \/>\nBoca se mo\u017ee ponovno reciklirati<br \/>\nDermatolo\u0161ki ispitano<\/p>\n","protected":false},"featured_media":0,"template":"","meta":{"_seopress_robots_primary_cat":"","_seopress_titles_title":"","_seopress_titles_desc":"","_seopress_robots_index":"","iawp_total_views":0},"product_brand":[446],"product_cat":[283,238],"product_tag":[],"class_list":{"0":"post-42495","1":"product","2":"type-product","3":"status-publish","5":"product_brand-lenor","6":"product_cat-pranje-rublja-238","7":"product_cat-sve-za-dom","9":"first","10":"outofstock","11":"shipping-taxable","12":"purchasable","13":"product-type-simple"},"_links":{"self":[{"href":"https:\/\/singuli.wpress.me\/index.php\/wp-json\/wp\/v2\/product\/42495","targetHints":{"allow":["GET"]}}],"collection":[{"href":"https:\/\/singuli.wpress.me\/index.php\/wp-json\/wp\/v2\/product"}],"about":[{"href":"https:\/\/singuli.wpress.me\/index.php\/wp-json\/wp\/v2\/types\/product"}],"version-history":[{"count":0,"href":"https:\/\/singuli.wpress.me\/index.php\/wp-json\/wp\/v2\/product\/42495\/revisions"}],"wp:attachment":[{"href":"https:\/\/singuli.wpress.me\/index.php\/wp-json\/wp\/v2\/media?parent=42495"}],"wp:term":[{"taxonomy":"product_brand","embeddable":true,"href":"https:\/\/singuli.wpress.me\/index.php\/wp-json\/wp\/v2\/product_brand?post=42495"},{"taxonomy":"product_cat","embeddable":true,"href":"https:\/\/singuli.wpress.me\/index.php\/wp-json\/wp\/v2\/product_cat?post=42495"},{"taxonomy":"product_tag","embeddable":true,"href":"https:\/\/singuli.wpress.me\/index.php\/wp-json\/wp\/v2\/product_tag?post=42495"}],"curies":[{"name":"wp","href":"https:\/\/api.w.org\/{rel}","templated":true}]}}