{"id":42496,"date":"2026-04-19T15:27:58","date_gmt":"2026-04-19T15:27:58","guid":{"rendered":"https:\/\/singuli.wpress.me\/index.php\/proizvod\/green-orange-gazirano-bezalkoholno-pice-6pack-0-33-l\/"},"modified":"2026-04-20T12:33:46","modified_gmt":"2026-04-20T12:33:46","slug":"green-orange-gazirano-bezalkoholno-pice-6pack-0-33-l","status":"publish","type":"product","link":"https:\/\/singuli.wpress.me\/index.php\/proizvod\/green-orange-gazirano-bezalkoholno-pice-6pack-0-33-l\/","title":{"rendered":"GREEN Orange, gazirano bezalkoholno pi\u0107e, 6pack, 0.33\u00a0l"},"content":{"rendered":"<p>U svakom gutljaju na\u0161e naran\u010de mo\u017eete osjetiti pravi vo\u0107ni sok! Sve bez ikakvih umjetnih aroma i sladila!<\/p>\n","protected":false},"excerpt":{"rendered":"<p>Pravi vo\u0107ni sok<br \/>\nBez umjetnih aroma<br \/>\nBez umjetnih sladila<\/p>\n","protected":false},"featured_media":0,"template":"","meta":{"_seopress_robots_primary_cat":"","_seopress_titles_title":"","_seopress_titles_desc":"","_seopress_robots_index":"","iawp_total_views":0},"product_brand":[399],"product_cat":[261,262],"product_tag":[],"class_list":{"0":"post-42496","1":"product","2":"type-product","3":"status-publish","5":"product_brand-green","6":"product_cat-hrana-i-pice","7":"product_cat-sokovi-i-napitci-261","9":"first","10":"outofstock","11":"shipping-taxable","12":"purchasable","13":"product-type-simple"},"_links":{"self":[{"href":"https:\/\/singuli.wpress.me\/index.php\/wp-json\/wp\/v2\/product\/42496","targetHints":{"allow":["GET"]}}],"collection":[{"href":"https:\/\/singuli.wpress.me\/index.php\/wp-json\/wp\/v2\/product"}],"about":[{"href":"https:\/\/singuli.wpress.me\/index.php\/wp-json\/wp\/v2\/types\/product"}],"version-history":[{"count":0,"href":"https:\/\/singuli.wpress.me\/index.php\/wp-json\/wp\/v2\/product\/42496\/revisions"}],"wp:attachment":[{"href":"https:\/\/singuli.wpress.me\/index.php\/wp-json\/wp\/v2\/media?parent=42496"}],"wp:term":[{"taxonomy":"product_brand","embeddable":true,"href":"https:\/\/singuli.wpress.me\/index.php\/wp-json\/wp\/v2\/product_brand?post=42496"},{"taxonomy":"product_cat","embeddable":true,"href":"https:\/\/singuli.wpress.me\/index.php\/wp-json\/wp\/v2\/product_cat?post=42496"},{"taxonomy":"product_tag","embeddable":true,"href":"https:\/\/singuli.wpress.me\/index.php\/wp-json\/wp\/v2\/product_tag?post=42496"}],"curies":[{"name":"wp","href":"https:\/\/api.w.org\/{rel}","templated":true}]}}