{"id":42498,"date":"2026-04-19T15:27:59","date_gmt":"2026-04-19T15:27:59","guid":{"rendered":"https:\/\/singuli.wpress.me\/index.php\/proizvod\/domo-do7341h-keramicki-grijac-za-kupaonicu\/"},"modified":"2026-04-20T12:33:46","modified_gmt":"2026-04-20T12:33:46","slug":"domo-do7341h-keramicki-grijac-za-kupaonicu","status":"publish","type":"product","link":"https:\/\/singuli.wpress.me\/index.php\/proizvod\/domo-do7341h-keramicki-grijac-za-kupaonicu\/","title":{"rendered":"DOMO DO7341H, kerami\u010dki grija\u010d, za kupaonicu"},"content":{"rendered":"<p>IP21 za\u0161tita \u2013 otporan na vlagu<br \/>\nDvije postavke brzine<br \/>\nDigitalni LED zaslon s tipkama na dodir<br \/>\nTajmer : 1 &#8211; 12 sati<br \/>\nTemperatura podesiva od 5\u00b0C do 35\u00b0C<br \/>\nStolni model prikladan za monta\u017eu na zid<br \/>\nZa\u0161tita od pregrijavanja, za\u0161titna konstrukcija i funkcija &quot;hla\u0111enja&quot;<br \/>\nIzmjenjivi filtar zraka<br \/>\nDaljinski upravlja\u010d<\/p>\n","protected":false},"excerpt":{"rendered":"<p>Temperatura podesiva od 5\u00b0C do 35\u00b0C<br \/>\nStolni model prikladan za monta\u017eu na zid<br \/>\nZa\u0161tita od pregrijavanja, za\u0161titna konstrukcija i funkcija &#8220;hla\u0111enja&#8221;<\/p>\n","protected":false},"featured_media":0,"template":"","meta":{"_seopress_robots_primary_cat":"","_seopress_titles_title":"","_seopress_titles_desc":"","_seopress_robots_index":"","iawp_total_views":0},"product_brand":[255],"product_cat":[184,160],"product_tag":[],"class_list":{"0":"post-42498","1":"product","2":"type-product","3":"status-publish","5":"product_brand-domo","6":"product_cat-kvaliteta-zraka-i-grijanje","7":"product_cat-mali-kucanski-aparati","9":"first","10":"outofstock","11":"shipping-taxable","12":"purchasable","13":"product-type-simple"},"_links":{"self":[{"href":"https:\/\/singuli.wpress.me\/index.php\/wp-json\/wp\/v2\/product\/42498","targetHints":{"allow":["GET"]}}],"collection":[{"href":"https:\/\/singuli.wpress.me\/index.php\/wp-json\/wp\/v2\/product"}],"about":[{"href":"https:\/\/singuli.wpress.me\/index.php\/wp-json\/wp\/v2\/types\/product"}],"version-history":[{"count":0,"href":"https:\/\/singuli.wpress.me\/index.php\/wp-json\/wp\/v2\/product\/42498\/revisions"}],"wp:attachment":[{"href":"https:\/\/singuli.wpress.me\/index.php\/wp-json\/wp\/v2\/media?parent=42498"}],"wp:term":[{"taxonomy":"product_brand","embeddable":true,"href":"https:\/\/singuli.wpress.me\/index.php\/wp-json\/wp\/v2\/product_brand?post=42498"},{"taxonomy":"product_cat","embeddable":true,"href":"https:\/\/singuli.wpress.me\/index.php\/wp-json\/wp\/v2\/product_cat?post=42498"},{"taxonomy":"product_tag","embeddable":true,"href":"https:\/\/singuli.wpress.me\/index.php\/wp-json\/wp\/v2\/product_tag?post=42498"}],"curies":[{"name":"wp","href":"https:\/\/api.w.org\/{rel}","templated":true}]}}