{"id":42499,"date":"2026-04-19T15:28:00","date_gmt":"2026-04-19T15:28:00","guid":{"rendered":"https:\/\/singuli.wpress.me\/index.php\/proizvod\/braun-silkepil-3-3-420-epilator\/"},"modified":"2026-04-20T12:33:46","modified_gmt":"2026-04-20T12:33:46","slug":"braun-silkepil-3-3-420-epilator","status":"publish","type":"product","link":"https:\/\/singuli.wpress.me\/index.php\/proizvod\/braun-silkepil-3-3-420-epilator\/","title":{"rendered":"BRAUN SilkEpil 3 3-420, epilator"},"content":{"rendered":"<p><span style=\"font-weight: bold\">Epilator Braun Silk-\u00e9pil 3 SE 3-420 s priklju\u010dnim kabelom s dva dodatka<\/span><\/p>\n<p>&#8211; Braun Silk-\u00e9pil epilator uklanja \u010detiri puta kra\u0107e dla\u010dice od voska.<br \/>\n&#8211; Silk-\u00e9pil 3 epilator nje\u017eno uklanja dla\u010dice iz korijena za dugotrajne rezultate.<br \/>\n&#8211; Izvrstan za po\u010detnike, masa\u017eni valjci smanjuju nelagodu tijekom epilacije.<br \/>\n&#8211; Smartlight otkriva najfinije dla\u010dice tako da ih ne mo\u017eete propustiti.<br \/>\n&#8211; Uklju\u010duje dva dodatka; uklju\u010duju\u0107i bikini trimer za odr\u017eavanje bikini linije.<\/p>\n<p><span style=\"font-weight: bold\">Sustav od 20 pinceta<\/span><br \/>\nNje\u017eno uklanja dla\u010dice iz korijena za dugotrajno glatku ko\u017eu.<\/p>\n<p><span style=\"font-weight: bold\">Smartlight<\/span><br \/>\nOtkriva najfinije dla\u010dice za temeljito uklanjanje.<\/p>\n<p><span style=\"font-weight: bold\">Valjci za masa\u017eu<\/span><br \/>\nOni nje\u017eno stimuliraju va\u0161u ko\u017eu kako bi smanjili nelagodu.<\/p>\n<p><span style=\"font-weight: bold\">Pripremite se za pla\u017eu &#8211; bez depilacije u salonu<\/span><br \/>\nKomplet epilatora Silk-\u00e9pil 3 uklju\u010duje trimer za tijelo i lice za precizno uklanjanje dla\u010dica bez neugodne strane depilacije. Tri nastavka olak\u0161avaju ure\u0111ivanje i odr\u017eavanje glatko\u0107e osjetljivih podru\u010dja kao \u0161to su bikini zona i lice. Okrugli vrhovi \u0161tite va\u0161u ko\u017eu od posjekotina i iritacija.<\/p>\n<p><span style=\"font-weight: bold\">Pet razloga za\u0161to biste trebali odabrati epilaciju umjesto depilacije<\/span><br \/>\n1. Braun Silk-\u00e9pil epilatori uklanjaju \u010detiri puta kra\u0107e dla\u010dice od voska. Nikada vi\u0161e ne\u0107ete morati \u010dekati da vam kosa dovoljno naraste izme\u0111u dva posjeta salonu.<br \/>\n2. Braun nudi liniju Wet &amp; Dry epilatora koji se tako\u0111er mogu koristiti u kadi ili pod tu\u0161em. Redovitim kori\u0161tenjem u vodi epilacija postaje prakti\u010dki bezbolna.<br \/>\n3. Epilacija predstavlja znatno ni\u017ei tro\u0161ak od kori\u0161tenja voska. Braun epilator se isplati nakon samo \u0161est mjeseci u usporedbi s redovitim posjetima salonu.<br \/>\n4. Epilacija je jednostavna i u\u010dinkovita. Nema prljav\u0161tine ili ljepljivog voska za \u010di\u0161\u0107enje nakon upotrebe.<br \/>\n5. Za posjet salonu nije potrebno rezervirati termin. Epilatore mo\u017eete koristiti bilo kada i bilo gdje<\/p>\n<p><span style=\"font-weight: bold\">Tehni\u010dki detalji:<\/span><br \/>\n&#8211; Silk-\u00e9pil tehnologija pinceta<br \/>\n&#8211; Valjci za masa\u017eu<br \/>\n&#8211; Radi s priklju\u010dnim kabelom<\/p>\n","protected":false},"excerpt":{"rendered":"<p>Uklanja \u010detiri puta kra\u0107e dla\u010dice od voska<br \/>\nIzvrstan za po\u010detnike<br \/>\nUklonite dlake iz korijena za dugotrajne rezultate<\/p>\n","protected":false},"featured_media":0,"template":"","meta":{"_seopress_robots_primary_cat":"","_seopress_titles_title":"","_seopress_titles_desc":"","_seopress_robots_index":"","iawp_total_views":0},"product_brand":[144],"product_cat":[192,282,281],"product_tag":[],"class_list":{"0":"post-42499","1":"product","2":"type-product","3":"status-publish","5":"product_brand-braun","6":"product_cat-aparati-za-osobnu-njegu","7":"product_cat-aparati-za-zene-281","8":"product_cat-epilatori-i-ipl-192","10":"first","11":"instock","12":"shipping-taxable","13":"purchasable","14":"product-type-simple"},"_links":{"self":[{"href":"https:\/\/singuli.wpress.me\/index.php\/wp-json\/wp\/v2\/product\/42499","targetHints":{"allow":["GET"]}}],"collection":[{"href":"https:\/\/singuli.wpress.me\/index.php\/wp-json\/wp\/v2\/product"}],"about":[{"href":"https:\/\/singuli.wpress.me\/index.php\/wp-json\/wp\/v2\/types\/product"}],"version-history":[{"count":0,"href":"https:\/\/singuli.wpress.me\/index.php\/wp-json\/wp\/v2\/product\/42499\/revisions"}],"wp:attachment":[{"href":"https:\/\/singuli.wpress.me\/index.php\/wp-json\/wp\/v2\/media?parent=42499"}],"wp:term":[{"taxonomy":"product_brand","embeddable":true,"href":"https:\/\/singuli.wpress.me\/index.php\/wp-json\/wp\/v2\/product_brand?post=42499"},{"taxonomy":"product_cat","embeddable":true,"href":"https:\/\/singuli.wpress.me\/index.php\/wp-json\/wp\/v2\/product_cat?post=42499"},{"taxonomy":"product_tag","embeddable":true,"href":"https:\/\/singuli.wpress.me\/index.php\/wp-json\/wp\/v2\/product_tag?post=42499"}],"curies":[{"name":"wp","href":"https:\/\/api.w.org\/{rel}","templated":true}]}}