{"id":42503,"date":"2026-04-19T15:28:02","date_gmt":"2026-04-19T15:28:02","guid":{"rendered":"https:\/\/singuli.wpress.me\/index.php\/proizvod\/gadus-s2-ogh-0-00-mast-visokih-performansi-180-kg\/"},"modified":"2026-04-20T12:33:46","modified_gmt":"2026-04-20T12:33:46","slug":"gadus-s2-ogh-0-00-mast-visokih-performansi-180-kg","status":"publish","type":"product","link":"https:\/\/singuli.wpress.me\/index.php\/proizvod\/gadus-s2-ogh-0-00-mast-visokih-performansi-180-kg\/","title":{"rendered":"GADUS S2 OGH 0\/00 , mast visokih performansi, 180\u00a0kg"},"content":{"rendered":"<p>Mast visokih performansi za otvorene zup\u010danike i \u010deli\u010dnu u\u017ead. Dizajnirana je za uporabu pri visokim temperaturama i ima odli\u010dnu pumpabilnost \u0161to zna\u010di da se lako pumpa dozvoljavaju\u0107i laku distribuciju pomo\u0107u sustava za raspr\u0161ivanje na zupce zup\u010danika. Pokazuje izvrsne karakteristike nosivosti optere\u0107enja pod te\u0161kim uvjetima rada. Odlikuje se dokazanim vrlo uspje\u0161nim performansama u najve\u0107im tvornicama cementa na svijetu. Glavne primjene su stoga u otvorenim zup\u010dastim prijenosima koji rade pri visokim temperaturama kao i u zup\u010dastim prijenosima rotacijskih mlinova cementa.<\/p>\n<p><span style=\"font-weight: bold\">Specifikacija: <\/span>Ferry-Capitain, FLSmidth, Danieli<\/p>\n","protected":false},"excerpt":{"rendered":"<p>Mast za otvorene zup\u010danike i \u010deli\u010dnu u\u017ead<br \/>\nOdli\u010dna pumpabilnost<br \/>\nPrimjena u otvorenim zup\u010dastim prijenosima koji rade pri visokim temperaturama i u zup\u010dastim prijenosima rotacijskih mlinova cementa.<\/p>\n","protected":false},"featured_media":0,"template":"","meta":{"_seopress_robots_primary_cat":"","_seopress_titles_title":"","_seopress_titles_desc":"","_seopress_robots_index":"","iawp_total_views":0},"product_brand":[413],"product_cat":[268,278],"product_tag":[],"class_list":{"0":"post-42503","1":"product","2":"type-product","3":"status-publish","5":"product_brand-gadus","6":"product_cat-kozmetika-2","7":"product_cat-njega-tijela-268","9":"first","10":"outofstock","11":"shipping-taxable","12":"purchasable","13":"product-type-simple"},"_links":{"self":[{"href":"https:\/\/singuli.wpress.me\/index.php\/wp-json\/wp\/v2\/product\/42503","targetHints":{"allow":["GET"]}}],"collection":[{"href":"https:\/\/singuli.wpress.me\/index.php\/wp-json\/wp\/v2\/product"}],"about":[{"href":"https:\/\/singuli.wpress.me\/index.php\/wp-json\/wp\/v2\/types\/product"}],"version-history":[{"count":0,"href":"https:\/\/singuli.wpress.me\/index.php\/wp-json\/wp\/v2\/product\/42503\/revisions"}],"wp:attachment":[{"href":"https:\/\/singuli.wpress.me\/index.php\/wp-json\/wp\/v2\/media?parent=42503"}],"wp:term":[{"taxonomy":"product_brand","embeddable":true,"href":"https:\/\/singuli.wpress.me\/index.php\/wp-json\/wp\/v2\/product_brand?post=42503"},{"taxonomy":"product_cat","embeddable":true,"href":"https:\/\/singuli.wpress.me\/index.php\/wp-json\/wp\/v2\/product_cat?post=42503"},{"taxonomy":"product_tag","embeddable":true,"href":"https:\/\/singuli.wpress.me\/index.php\/wp-json\/wp\/v2\/product_tag?post=42503"}],"curies":[{"name":"wp","href":"https:\/\/api.w.org\/{rel}","templated":true}]}}