{"id":42506,"date":"2026-04-19T15:28:03","date_gmt":"2026-04-19T15:28:03","guid":{"rendered":"https:\/\/singuli.wpress.me\/index.php\/proizvod\/raid-elektricni-aparat-s-tekucinom-30n-21-ml\/"},"modified":"2026-04-20T12:33:46","modified_gmt":"2026-04-20T12:33:46","slug":"raid-elektricni-aparat-s-tekucinom-30n-21-ml","status":"publish","type":"product","link":"https:\/\/singuli.wpress.me\/index.php\/proizvod\/raid-elektricni-aparat-s-tekucinom-30n-21-ml\/","title":{"rendered":"RAID, elektri\u010dni aparat, s teku\u0107inom, 30N, 21\u00a0ml"},"content":{"rendered":"<p>Raid\u00ae Teku\u0107ina za elektri\u010dni aparati\u0107 pru\u017ea vam za\u0161titu protiv dosadnih komaraca za ugodan san. <\/p>\n<p>Djelotvoran je u prostorijama do 30 m\u00b2 te je u\u010dinkovit \u010dak i uz otvoren prozor i upaljena svjetla. <\/p>\n<p>Pru\u017ea kontinuiranu i diskretnu za\u0161titu bez mirisa i dima. <\/p>\n<p>Vi\u0161e nema potrebe za sprejanjem ili mijenjanjem punjenja svake no\u0107i! <\/p>\n<p>Raid\u00ae Teku\u0107ina protiv komaraca traje do 30 dana, kada se koristi do 8 sati dnevno. Razina teku\u0107ine lako se mo\u017ee pratiti: kada je bo\u010dica prazna, jednostavno je zamijenite novim punjenjem.<\/p>\n","protected":false},"excerpt":{"rendered":"<p>Protiv komaraca<br \/>\nU\u010dinkovit u prostorijama do 30 m\u00b2<br \/>\nSet sadr\u017ei aparat i teku\u0107inu<\/p>\n","protected":false},"featured_media":0,"template":"","meta":{"_seopress_robots_primary_cat":"","_seopress_titles_title":"","_seopress_titles_desc":"","_seopress_robots_index":"","iawp_total_views":0},"product_brand":[457],"product_cat":[192,267],"product_tag":[],"class_list":{"0":"post-42506","1":"product","2":"type-product","3":"status-publish","5":"product_brand-raid","6":"product_cat-aparati-za-osobnu-njegu","7":"product_cat-zdravstveni-uredaji-192","9":"first","10":"outofstock","11":"shipping-taxable","12":"purchasable","13":"product-type-simple"},"_links":{"self":[{"href":"https:\/\/singuli.wpress.me\/index.php\/wp-json\/wp\/v2\/product\/42506","targetHints":{"allow":["GET"]}}],"collection":[{"href":"https:\/\/singuli.wpress.me\/index.php\/wp-json\/wp\/v2\/product"}],"about":[{"href":"https:\/\/singuli.wpress.me\/index.php\/wp-json\/wp\/v2\/types\/product"}],"version-history":[{"count":0,"href":"https:\/\/singuli.wpress.me\/index.php\/wp-json\/wp\/v2\/product\/42506\/revisions"}],"wp:attachment":[{"href":"https:\/\/singuli.wpress.me\/index.php\/wp-json\/wp\/v2\/media?parent=42506"}],"wp:term":[{"taxonomy":"product_brand","embeddable":true,"href":"https:\/\/singuli.wpress.me\/index.php\/wp-json\/wp\/v2\/product_brand?post=42506"},{"taxonomy":"product_cat","embeddable":true,"href":"https:\/\/singuli.wpress.me\/index.php\/wp-json\/wp\/v2\/product_cat?post=42506"},{"taxonomy":"product_tag","embeddable":true,"href":"https:\/\/singuli.wpress.me\/index.php\/wp-json\/wp\/v2\/product_tag?post=42506"}],"curies":[{"name":"wp","href":"https:\/\/api.w.org\/{rel}","templated":true}]}}