{"id":42508,"date":"2026-04-19T15:28:04","date_gmt":"2026-04-19T15:28:04","guid":{"rendered":"https:\/\/singuli.wpress.me\/index.php\/proizvod\/old-spice-wolfthorn-gel-za-tusiranje-250-ml\/"},"modified":"2026-04-20T12:33:46","modified_gmt":"2026-04-20T12:33:46","slug":"old-spice-wolfthorn-gel-za-tusiranje-250-ml","status":"publish","type":"product","link":"https:\/\/singuli.wpress.me\/index.php\/proizvod\/old-spice-wolfthorn-gel-za-tusiranje-250-ml\/","title":{"rendered":"OLD SPICE Wolfthorn  , gel za tu\u0161iranje, 250\u00a0ml"},"content":{"rendered":"<p>Tko bi rekao da divlji miris Wolfthorna mo\u017ee pomo\u0107i u borbi protiv ne tako ugodnih i dru\u0161tveno prihvatljivih mirisa? Mo\u017eda su to znali Aristotel ili sove koje govore, ali svakako ne obi\u010dni mu\u0161karci i obi\u010dne, glupe sove. U kraljevstvu \u017eivotinja i ljudi zvanom Zemlja, postoji samo jedna \u017eivotinja koja je dovoljno inteligentna da miri\u0161e kao najopasnija i najmu\u017eevnija me\u0111u svim \u017eivotinjama. To je mu\u0161karac koji miri\u0161e kao vuk, kada bi vuk mirisao poput zgodnog frajera. Tako stoje stvari u tom kraljevstvu. <\/p>\n<p>Stoga, ako ga ikad misli\u0161 posjetiti, prvo nau\u010di kako dobro mirisati uz Old Spice Wolfthorn. <\/p>\n<p>Gel za tu\u0161iranje Old Spice osvje\u017eavaju\u0107i je miris za mu\u0161karce ili no\u0107ne zvjerke koje se ne pla\u0161e svoje mu\u017eevnosti (ni gelova za tu\u0161iranje).<\/p>\n","protected":false},"excerpt":{"rendered":"<p>Mo\u0107an mu\u017eevan miris<br \/>\nSvje\u017eina s da\u0161kom divljine<br \/>\nHidratantna formula<\/p>\n","protected":false},"featured_media":0,"template":"","meta":{"_seopress_robots_primary_cat":"","_seopress_titles_title":"","_seopress_titles_desc":"","_seopress_robots_index":"","iawp_total_views":0},"product_brand":[448],"product_cat":[268,278],"product_tag":[],"class_list":{"0":"post-42508","1":"product","2":"type-product","3":"status-publish","5":"product_brand-old-spice","6":"product_cat-kozmetika-2","7":"product_cat-njega-tijela-268","9":"first","10":"outofstock","11":"shipping-taxable","12":"purchasable","13":"product-type-simple"},"_links":{"self":[{"href":"https:\/\/singuli.wpress.me\/index.php\/wp-json\/wp\/v2\/product\/42508","targetHints":{"allow":["GET"]}}],"collection":[{"href":"https:\/\/singuli.wpress.me\/index.php\/wp-json\/wp\/v2\/product"}],"about":[{"href":"https:\/\/singuli.wpress.me\/index.php\/wp-json\/wp\/v2\/types\/product"}],"version-history":[{"count":0,"href":"https:\/\/singuli.wpress.me\/index.php\/wp-json\/wp\/v2\/product\/42508\/revisions"}],"wp:attachment":[{"href":"https:\/\/singuli.wpress.me\/index.php\/wp-json\/wp\/v2\/media?parent=42508"}],"wp:term":[{"taxonomy":"product_brand","embeddable":true,"href":"https:\/\/singuli.wpress.me\/index.php\/wp-json\/wp\/v2\/product_brand?post=42508"},{"taxonomy":"product_cat","embeddable":true,"href":"https:\/\/singuli.wpress.me\/index.php\/wp-json\/wp\/v2\/product_cat?post=42508"},{"taxonomy":"product_tag","embeddable":true,"href":"https:\/\/singuli.wpress.me\/index.php\/wp-json\/wp\/v2\/product_tag?post=42508"}],"curies":[{"name":"wp","href":"https:\/\/api.w.org\/{rel}","templated":true}]}}