{"id":42511,"date":"2026-04-19T15:28:04","date_gmt":"2026-04-19T15:28:04","guid":{"rendered":"https:\/\/singuli.wpress.me\/index.php\/proizvod\/gadinia-al-40-ulje-za-srednjehodne-brodske-motore-209-l\/"},"modified":"2026-04-20T12:33:46","modified_gmt":"2026-04-20T12:33:46","slug":"gadinia-al-40-ulje-za-srednjehodne-brodske-motore-209-l","status":"publish","type":"product","link":"https:\/\/singuli.wpress.me\/index.php\/proizvod\/gadinia-al-40-ulje-za-srednjehodne-brodske-motore-209-l\/","title":{"rendered":"GADINIA AL 40, ulje za srednjehodne brodske motore , 209\u00a0l"},"content":{"rendered":"<p>Visokokvalitetno mineralno ulje za srednjehodne brodske motore pogonjeni destilatnim dizelskim gorivom. Posebno je dizajnirano za kontrolu potro\u0161nje ulja u modernim motorima, gdje je tro\u0161enje cilindara motora potencijalni problem. Budu\u0107i da je vi\u0161enamjensko ulje mo\u017ee se koristiti i za druge brodske aplikacije, poput reduktora.<\/p>\n<p>Specifikacija: Rolls-Royce, Bergen, Deutz AG, MAN B&amp;W dizelski AG, Simplex (Compact Sterntube Seals), API CF.<\/p>\n","protected":false},"excerpt":{"rendered":"<p>Ulje za srednjehodne brodske motore<br \/>\nDizajnirano za kontrolu potro\u0161nje ulja u modernim  motorima<br \/>\nVi\u0161enamjensko ulje<\/p>\n","protected":false},"featured_media":0,"template":"","meta":{"_seopress_robots_primary_cat":"","_seopress_titles_title":"","_seopress_titles_desc":"","_seopress_robots_index":"","iawp_total_views":0},"product_brand":[498],"product_cat":[243,276],"product_tag":[],"class_list":{"0":"post-42511","1":"product","2":"type-product","3":"status-publish","5":"product_brand-gadinia","6":"product_cat-automobili-i-motori","7":"product_cat-industrijska-i-specijalna-ulja-243","9":"first","10":"outofstock","11":"shipping-taxable","12":"purchasable","13":"product-type-simple"},"_links":{"self":[{"href":"https:\/\/singuli.wpress.me\/index.php\/wp-json\/wp\/v2\/product\/42511","targetHints":{"allow":["GET"]}}],"collection":[{"href":"https:\/\/singuli.wpress.me\/index.php\/wp-json\/wp\/v2\/product"}],"about":[{"href":"https:\/\/singuli.wpress.me\/index.php\/wp-json\/wp\/v2\/types\/product"}],"version-history":[{"count":0,"href":"https:\/\/singuli.wpress.me\/index.php\/wp-json\/wp\/v2\/product\/42511\/revisions"}],"wp:attachment":[{"href":"https:\/\/singuli.wpress.me\/index.php\/wp-json\/wp\/v2\/media?parent=42511"}],"wp:term":[{"taxonomy":"product_brand","embeddable":true,"href":"https:\/\/singuli.wpress.me\/index.php\/wp-json\/wp\/v2\/product_brand?post=42511"},{"taxonomy":"product_cat","embeddable":true,"href":"https:\/\/singuli.wpress.me\/index.php\/wp-json\/wp\/v2\/product_cat?post=42511"},{"taxonomy":"product_tag","embeddable":true,"href":"https:\/\/singuli.wpress.me\/index.php\/wp-json\/wp\/v2\/product_tag?post=42511"}],"curies":[{"name":"wp","href":"https:\/\/api.w.org\/{rel}","templated":true}]}}