{"id":42515,"date":"2026-04-19T15:28:05","date_gmt":"2026-04-19T15:28:05","guid":{"rendered":"https:\/\/singuli.wpress.me\/index.php\/proizvod\/helix-hx5-15w40-motorno-ulje-za-osobna-vozila-12x1l-12-l\/"},"modified":"2026-04-20T12:33:46","modified_gmt":"2026-04-20T12:33:46","slug":"helix-hx5-15w40-motorno-ulje-za-osobna-vozila-12x1l-12-l","status":"publish","type":"product","link":"https:\/\/singuli.wpress.me\/index.php\/proizvod\/helix-hx5-15w40-motorno-ulje-za-osobna-vozila-12x1l-12-l\/","title":{"rendered":"HELIX HX5 15W40, motorno ulje za osobna vozila, 12x1l, 12\u00a0l"},"content":{"rendered":"<p>Motorno ulje formulirano na aktivnoj tehnologiji \u010di\u0161\u0107enja. <\/p>\n<p>Osigurava pove\u0107anu \u010disto\u0107u motora kontinuirano sprje\u010davaju\u0107i nastajanje taloga i naslaga prljav\u0161tine te smanjuje buku motora. <\/p>\n<p>Primjenjuje se u benzinskim i dizelskim motorima. <\/p>\n<p><span style=\"font-weight: bold\">Specifikacija:<\/span> API SL\/CF, ACEA: A2\/B2.<\/p>\n","protected":false},"excerpt":{"rendered":"<p>Pove\u0107ana \u010disto\u0107a motora<br \/>\nPrimjenjuje se u benzinskim i dizelskim motorima<br \/>\nSpecifikacija u opisu<\/p>\n","protected":false},"featured_media":0,"template":"","meta":{"_seopress_robots_primary_cat":"","_seopress_titles_title":"","_seopress_titles_desc":"","_seopress_robots_index":"","iawp_total_views":0},"product_brand":[398],"product_cat":[243,272],"product_tag":[],"class_list":{"0":"post-42515","1":"product","2":"type-product","3":"status-publish","5":"product_brand-helix","6":"product_cat-automobili-i-motori","7":"product_cat-motorna-ulja-243","9":"first","10":"outofstock","11":"shipping-taxable","12":"purchasable","13":"product-type-simple"},"_links":{"self":[{"href":"https:\/\/singuli.wpress.me\/index.php\/wp-json\/wp\/v2\/product\/42515","targetHints":{"allow":["GET"]}}],"collection":[{"href":"https:\/\/singuli.wpress.me\/index.php\/wp-json\/wp\/v2\/product"}],"about":[{"href":"https:\/\/singuli.wpress.me\/index.php\/wp-json\/wp\/v2\/types\/product"}],"version-history":[{"count":0,"href":"https:\/\/singuli.wpress.me\/index.php\/wp-json\/wp\/v2\/product\/42515\/revisions"}],"wp:attachment":[{"href":"https:\/\/singuli.wpress.me\/index.php\/wp-json\/wp\/v2\/media?parent=42515"}],"wp:term":[{"taxonomy":"product_brand","embeddable":true,"href":"https:\/\/singuli.wpress.me\/index.php\/wp-json\/wp\/v2\/product_brand?post=42515"},{"taxonomy":"product_cat","embeddable":true,"href":"https:\/\/singuli.wpress.me\/index.php\/wp-json\/wp\/v2\/product_cat?post=42515"},{"taxonomy":"product_tag","embeddable":true,"href":"https:\/\/singuli.wpress.me\/index.php\/wp-json\/wp\/v2\/product_tag?post=42515"}],"curies":[{"name":"wp","href":"https:\/\/api.w.org\/{rel}","templated":true}]}}