{"id":42516,"date":"2026-04-19T15:28:06","date_gmt":"2026-04-19T15:28:06","guid":{"rendered":"https:\/\/singuli.wpress.me\/index.php\/proizvod\/oral-b-io5-elektricna-cetkica-za-zube-mat-crna\/"},"modified":"2026-04-20T12:33:46","modified_gmt":"2026-04-20T12:33:46","slug":"oral-b-io5-elektricna-cetkica-za-zube-mat-crna","status":"publish","type":"product","link":"https:\/\/singuli.wpress.me\/index.php\/proizvod\/oral-b-io5-elektricna-cetkica-za-zube-mat-crna\/","title":{"rendered":"ORAL-B iO5, elektri\u010dna \u010detkica za zube, mat crna"},"content":{"rendered":"<p><img decoding=\"async\" src=\"https:\/\/prod-minio-orbico.nd0.pl\/orbico.ohr\/Rich%20content\/01.jpg\" style=\"max-width: 100%;height: auto\" alt=\"Oral-B 1\"><br \/>\n<img decoding=\"async\" src=\"https:\/\/prod-minio-orbico.nd0.pl\/orbico.ohr\/Rich%20content\/02.jpg\" style=\"max-width: 100%;height: auto\" alt=\"Oral-B 2\"><br \/>\n<img decoding=\"async\" src=\"https:\/\/prod-minio-orbico.nd0.pl\/orbico.ohr\/Rich%20content\/03.jpg\" style=\"max-width: 100%;height: auto\" alt=\"Oral-B 3\"><br \/>\n<img decoding=\"async\" src=\"https:\/\/prod-minio-orbico.nd0.pl\/orbico.ohr\/Rich%20content\/06%202.jpg\" style=\"max-width: 100%;height: auto\" alt=\"Oral-B 4\"><br \/>\n<img decoding=\"async\" src=\"https:\/\/prod-minio-orbico.nd0.pl\/orbico.ohr\/Rich%20content\/07%202.jpg\" style=\"max-width: 100%;height: auto\" alt=\"Oral-B 5\"><br \/>\n<img decoding=\"async\" src=\"https:\/\/prod-minio-orbico.nd0.pl\/orbico.ohr\/Rich%20content\/08%202.jpg\" style=\"max-width: 100%;height: auto\" alt=\"Oral-B 7\"><br \/>\n<img decoding=\"async\" src=\"https:\/\/prod-minio-orbico.nd0.pl\/orbico.ohr\/Rich%20content\/09%202.jpg\" style=\"max-width: 100%;height: auto\" alt=\"Oral-B 8\"><br \/>\n<img decoding=\"async\" src=\"https:\/\/prod-minio-orbico.nd0.pl\/orbico.ohr\/Rich%20content\/10%202.jpg\" style=\"max-width: 100%;height: auto\" alt=\"Oral-B 9\"><br \/>\n<img decoding=\"async\" src=\"https:\/\/prod-minio-orbico.nd0.pl\/orbico.ohr\/Rich%20content\/11%202.jpg\" style=\"max-width: 100%;height: auto\" alt=\"Oral-B 10\"><br \/>\n<img decoding=\"async\" src=\"https:\/\/prod-minio-orbico.nd0.pl\/orbico.ohr\/Rich%20content\/12%202.jpg\" style=\"max-width: 100%;height: auto\" alt=\"Oral-B 11\"><\/p>\n","protected":false},"excerpt":{"rendered":"<p>Namijenjena osobama s osjetljivim zubima i desnima<br \/>\n100% zdravije desni u jednom tjednu<br \/>\n5 NA\u010cINA RADA za pranje zubi prilago\u0111eno va\u0161im potrebama<\/p>\n","protected":false},"featured_media":0,"template":"","meta":{"_seopress_robots_primary_cat":"","_seopress_titles_title":"","_seopress_titles_desc":"","_seopress_robots_index":"","iawp_total_views":0},"product_brand":[423],"product_cat":[293,192,292],"product_tag":[],"class_list":{"0":"post-42516","1":"product","2":"type-product","3":"status-publish","5":"product_brand-oral-b-2","6":"product_cat-aparati-za-djecu-i-odrasle-292","7":"product_cat-aparati-za-osobnu-njegu","8":"product_cat-oralna-higijena-uredaji-192","10":"first","11":"instock","12":"shipping-taxable","13":"purchasable","14":"product-type-simple"},"_links":{"self":[{"href":"https:\/\/singuli.wpress.me\/index.php\/wp-json\/wp\/v2\/product\/42516","targetHints":{"allow":["GET"]}}],"collection":[{"href":"https:\/\/singuli.wpress.me\/index.php\/wp-json\/wp\/v2\/product"}],"about":[{"href":"https:\/\/singuli.wpress.me\/index.php\/wp-json\/wp\/v2\/types\/product"}],"version-history":[{"count":0,"href":"https:\/\/singuli.wpress.me\/index.php\/wp-json\/wp\/v2\/product\/42516\/revisions"}],"wp:attachment":[{"href":"https:\/\/singuli.wpress.me\/index.php\/wp-json\/wp\/v2\/media?parent=42516"}],"wp:term":[{"taxonomy":"product_brand","embeddable":true,"href":"https:\/\/singuli.wpress.me\/index.php\/wp-json\/wp\/v2\/product_brand?post=42516"},{"taxonomy":"product_cat","embeddable":true,"href":"https:\/\/singuli.wpress.me\/index.php\/wp-json\/wp\/v2\/product_cat?post=42516"},{"taxonomy":"product_tag","embeddable":true,"href":"https:\/\/singuli.wpress.me\/index.php\/wp-json\/wp\/v2\/product_tag?post=42516"}],"curies":[{"name":"wp","href":"https:\/\/api.w.org\/{rel}","templated":true}]}}