{"id":42518,"date":"2026-04-19T15:28:07","date_gmt":"2026-04-19T15:28:07","guid":{"rendered":"https:\/\/singuli.wpress.me\/index.php\/proizvod\/pampers-harmonie-aqua-vlazne-maramice-24-pakiranja-1152-kom\/"},"modified":"2026-04-20T12:33:46","modified_gmt":"2026-04-20T12:33:46","slug":"pampers-harmonie-aqua-vlazne-maramice-24-pakiranja-1152-kom","status":"publish","type":"product","link":"https:\/\/singuli.wpress.me\/index.php\/proizvod\/pampers-harmonie-aqua-vlazne-maramice-24-pakiranja-1152-kom\/","title":{"rendered":"PAMPERS Harmonie Aqua, vla\u017ene maramice, 24 pakiranja, 1152\u00a0kom"},"content":{"rendered":"<p style=\"margin-right: 0px;margin-bottom: 0px;margin-left: 0px;padding: 0px 0px 15px;border: 0px;font-family: Prompt, Arial, Helvetica, sans-serif;font-size: 16px\">AMPERS Harmonie Aqua Plastic Free vla\u017ene maramice 24&#215;48 komada.<\/p>\n<p style=\"margin-right: 0px;margin-bottom: 0px;margin-left: 0px;padding: 0px 0px 15px;border: 0px;font-family: Prompt, Arial, Helvetica, sans-serif;font-size: 16px\">Ko\u017ea novoro\u0111en\u010dadi je vrlo osjetljiva i zaslu\u017euje nje\u017eno \u010di\u0161\u0107enje, koje po\u010dinje promjenom pelena. Vla\u017ene maramice Pampers Harmonie Aqua sadr\u017ee 99% vode za \u010distu za\u0161titu ko\u017ee.<\/p>\n<p style=\"margin-right: 0px;margin-bottom: 0px;margin-left: 0px;padding: 0px 0px 15px;border: 0px;font-family: Prompt, Arial, Helvetica, sans-serif;font-size: 16px\">Sadr\u017ee 0% plastike i izra\u0111ene su od vrhunskog pamuka: 100% biljnih vlakana. Njihova jedinstvena formula je dermatolo\u0161ki ispitana i poma\u017ee u za\u0161titi ko\u017ee od iritacija bolje od pamu\u010dne tkanine natopljene vodom, tako da je i najnje\u017enija ko\u017ea nje\u017eno o\u010di\u0161\u0107ena i sigurno za\u0161ti\u0107ena.<\/p>\n<p style=\"margin-right: 0px;margin-bottom: 0px;margin-left: 0px;padding: 0px 0px 15px;border: 0px;font-family: Prompt, Arial, Helvetica, sans-serif;font-size: 16px\">Budu\u0107i da su vla\u017ene maramice Pampers Harmonie Aqua razvijene imaju\u0107i na umu osjetljivu ko\u017eu novoro\u0111en\u010dadi, ne sadr\u017ee alkohol, mirise ni bojila.<\/p>\n","protected":false},"excerpt":{"rendered":"<p>99 % prirodnih sastojaka (voda i organski pamuk)<br \/>\n1 % dermatolo\u0161ki testiranih za\u0161titnih sastojaka<br \/>\n0 % alkohola i dodanih mirisa<\/p>\n","protected":false},"featured_media":0,"template":"","meta":{"_seopress_robots_primary_cat":"","_seopress_titles_title":"","_seopress_titles_desc":"","_seopress_robots_index":"","iawp_total_views":0},"product_brand":[444],"product_cat":[268,278],"product_tag":[],"class_list":{"0":"post-42518","1":"product","2":"type-product","3":"status-publish","5":"product_brand-pampers","6":"product_cat-kozmetika-2","7":"product_cat-njega-tijela-268","9":"first","10":"outofstock","11":"shipping-taxable","12":"purchasable","13":"product-type-simple"},"_links":{"self":[{"href":"https:\/\/singuli.wpress.me\/index.php\/wp-json\/wp\/v2\/product\/42518","targetHints":{"allow":["GET"]}}],"collection":[{"href":"https:\/\/singuli.wpress.me\/index.php\/wp-json\/wp\/v2\/product"}],"about":[{"href":"https:\/\/singuli.wpress.me\/index.php\/wp-json\/wp\/v2\/types\/product"}],"version-history":[{"count":0,"href":"https:\/\/singuli.wpress.me\/index.php\/wp-json\/wp\/v2\/product\/42518\/revisions"}],"wp:attachment":[{"href":"https:\/\/singuli.wpress.me\/index.php\/wp-json\/wp\/v2\/media?parent=42518"}],"wp:term":[{"taxonomy":"product_brand","embeddable":true,"href":"https:\/\/singuli.wpress.me\/index.php\/wp-json\/wp\/v2\/product_brand?post=42518"},{"taxonomy":"product_cat","embeddable":true,"href":"https:\/\/singuli.wpress.me\/index.php\/wp-json\/wp\/v2\/product_cat?post=42518"},{"taxonomy":"product_tag","embeddable":true,"href":"https:\/\/singuli.wpress.me\/index.php\/wp-json\/wp\/v2\/product_tag?post=42518"}],"curies":[{"name":"wp","href":"https:\/\/api.w.org\/{rel}","templated":true}]}}