{"id":42528,"date":"2026-04-19T15:28:10","date_gmt":"2026-04-19T15:28:10","guid":{"rendered":"https:\/\/singuli.wpress.me\/index.php\/proizvod\/paclan-papir-za-pecenje-8m\/"},"modified":"2026-04-21T00:27:18","modified_gmt":"2026-04-21T00:27:18","slug":"paclan-papir-za-pecenje-8m","status":"publish","type":"product","link":"https:\/\/singuli.wpress.me\/index.php\/proizvod\/paclan-papir-za-pecenje-8m\/","title":{"rendered":"PACLAN, papir za pe\u010denje, 8m"},"content":{"rendered":"<p>Papir za pe\u010denje \u0161irine 38 cm, du\u017eine 8 m. Ako volite torte i kola\u010de, ne mo\u017eete bez njega! Bilo da ste profesionalac ili samo povremeno pe\u010dete, papir za pe\u010denje mora biti u va\u0161oj kuhinji. Nema vi\u0161e \u010di\u0161\u0107enja i struganja! Recite DA za lagano i ugodno pe\u010denje!<\/p>\n","protected":false},"excerpt":{"rendered":"<p>\u0160irina folije 38cm, du\u017eina 8m<br \/>\nDobra kvaliteta<br \/>\nNema \u010di\u0161\u0107enja i struganja nakon pe\u010denja<\/p>\n","protected":false},"featured_media":0,"template":"","meta":{"_seopress_robots_primary_cat":"","_seopress_titles_title":"","_seopress_titles_desc":"","_seopress_robots_index":"","iawp_total_views":0},"product_brand":[474],"product_cat":[274,238],"product_tag":[],"class_list":{"0":"post-42528","1":"product","2":"type-product","3":"status-publish","5":"product_brand-paclan","6":"product_cat-kucanski-pribor-238","7":"product_cat-sve-za-dom","9":"first","10":"instock","11":"shipping-taxable","12":"purchasable","13":"product-type-simple"},"_links":{"self":[{"href":"https:\/\/singuli.wpress.me\/index.php\/wp-json\/wp\/v2\/product\/42528","targetHints":{"allow":["GET"]}}],"collection":[{"href":"https:\/\/singuli.wpress.me\/index.php\/wp-json\/wp\/v2\/product"}],"about":[{"href":"https:\/\/singuli.wpress.me\/index.php\/wp-json\/wp\/v2\/types\/product"}],"version-history":[{"count":0,"href":"https:\/\/singuli.wpress.me\/index.php\/wp-json\/wp\/v2\/product\/42528\/revisions"}],"wp:attachment":[{"href":"https:\/\/singuli.wpress.me\/index.php\/wp-json\/wp\/v2\/media?parent=42528"}],"wp:term":[{"taxonomy":"product_brand","embeddable":true,"href":"https:\/\/singuli.wpress.me\/index.php\/wp-json\/wp\/v2\/product_brand?post=42528"},{"taxonomy":"product_cat","embeddable":true,"href":"https:\/\/singuli.wpress.me\/index.php\/wp-json\/wp\/v2\/product_cat?post=42528"},{"taxonomy":"product_tag","embeddable":true,"href":"https:\/\/singuli.wpress.me\/index.php\/wp-json\/wp\/v2\/product_tag?post=42528"}],"curies":[{"name":"wp","href":"https:\/\/api.w.org\/{rel}","templated":true}]}}