{"id":42530,"date":"2026-04-19T15:28:11","date_gmt":"2026-04-19T15:28:11","guid":{"rendered":"https:\/\/singuli.wpress.me\/index.php\/proizvod\/braun-bt-5342-trimer-za-bradu-39-duljina\/"},"modified":"2026-04-21T00:27:18","modified_gmt":"2026-04-21T00:27:18","slug":"braun-bt-5342-trimer-za-bradu-39-duljina","status":"publish","type":"product","link":"https:\/\/singuli.wpress.me\/index.php\/proizvod\/braun-bt-5342-trimer-za-bradu-39-duljina\/","title":{"rendered":"BRAUN BT 5342, trimer za bradu, 39 duljina"},"content":{"rendered":"<p>Braun Beard Trimmer BT5342, trimer za bradu i aparat za \u0161i\u0161anje, za mu\u0161karce; dugovje\u010dne o\u0161tre o\u0161trice; 39 postavki duljine; crni \/ svijetlosivi<\/p>\n<p>Istaknute zna\u010dajke:<br \/>\n\u2022 O\u0161triji. Br\u017ei. U\u010dinkovitiji.* Braunov trimer za bradu BT5 ima \u0161iri segment za podrezivanje u usporedbi s dosada\u0161njim Braunovim trimerima, \u0161to zna\u010di da pri svakom potezu hvata i podrezuje vi\u0161e dla\u010dica.*<br \/>\n\u2022 100% preciznost i kontrola: precizni \u010de\u0161lji\u0107i s 20% manje plastike* omogu\u0107uju savr\u0161eno lako podrezivanje.<br \/>\n\u2022 Savr\u0161eno precizan alat: ovaj trimer za bradu ima kota\u010di\u0107 za precizno pode\u0161avanje na 39 postavki duljine u koracima od po 0,5 mm (od 0,5 do 20 mm). Oblikujte, uredite i dotjerajte svaki detalj svojih brkova i brade, bradice ili jednodnevne brade.<br \/>\n\u2022 Stvoren da traje: ovaj trimer za bradu za mu\u0161karce ima dugovje\u010dne o\u0161tre o\u0161trice \u2013 za lako, ravnomjerno i konzistentno podrezivanje brade pri svakoj duljini.<br \/>\n\u2022 Napredan njema\u010dki dizajn: mo\u0107na litij-ionska baterija za 100 minuta rada.<br \/>\n*u odnosu na dosada\u0161nje Braunove trimere<\/p>\n<p>O\u0161triji. Br\u017ei. U\u010dinkovitiji.*<br \/>\nGlava trimera ima \u0161iri dio za podrezivanje pa hvata i podrezuje vi\u0161e dla\u010dica pri svakom potezu nego ijedan prija\u0161nji Braunov trimer. Do\u0111ite do \u017eeljenog izgleda u manje poteza.<br \/>\n*u odnosu na dosada\u0161nje Braunove trimere<\/p>\n<p>Braun za ure\u0111ivanje dla\u010dica<br \/>\n&#8211; Savr\u0161ena lako\u0107a preciznosti za va\u0161 stil.<br \/>\n&#8211; Njema\u010dki dizajn stvoren da traje.<br \/>\n&#8211; Sa \u0161irim segmentom za podrezivanje za postizanje \u017eeljenog izgleda u manje poteza.<\/p>\n<p>Kratka do srednje duga brada<br \/>\nKratki \u010de\u0161lji\u0107 poma\u017ee u lakom odr\u017eavanju kratkih i srednje dugih brada (0,5 \u2013 10 mm).<\/p>\n<p>Podrezivanje dulje brade i \u0161i\u0161anje<br \/>\nDugi \u010de\u0161lji\u0107 (11 &#8211; 20 mm) omogu\u0107uje jednostavno podrezivanje dulje brade, a mo\u017eete ga koristiti i za \u0161i\u0161anje kose.<\/p>\n<p>Oblikovanje kontura<br \/>\nDefinirajte precizne linije i rubove na vratu i obrazima uz pomo\u0107 glave trimera.<\/p>\n<p>Brija\u010d Gillette Fusion ProGlide<br \/>\nTemeljito brijanje vrata, obraza i lica omogu\u0107uje brija\u010d Gillette Fusion ProGlide.<\/p>\n<p>Dugovje\u010dne o\u0161tre o\u0161trice<br \/>\nUltra o\u0161tre o\u0161trice s lako\u0107om re\u017eu duge i guste dla\u010dice, bez ikakvog zapinjanja i \u010dupanja. <\/p>\n<p>Kota\u010di\u0107 za precizno pode\u0161avanje<br \/>\nKota\u010di\u0107 za precizno pode\u0161avanje nudi 39 postavki duljine od 0,5 do 20 mm za najrazli\u010ditije stilove brada i frizura. <\/p>\n<p>Periv<br \/>\nGlava trimera i \u010de\u0161lji\u0107i mogu se prati pod teku\u0107om vodom \u0161to olak\u0161ava \u010di\u0161\u0107enje.<\/p>\n<p>Dugotrajna litij-ionska baterija<br \/>\n100 minuta rada s jednim punjenjem. 1-satno punjenje. 5-minutno brzo punjenje za 1 podrezivanje dla\u010dica.<\/p>\n<p>Opis proizvoda:<br \/>\nS lako\u0107om uredite dla\u010dice na licu i frizuru u \u017eeljenom stilu. U tome \u0107e vam pomo\u0107i BT5, Braunov trimer za bradu i aparat za \u0161i\u0161anje namijenjen mu\u0161karcima. Ovaj trimer za bradu o\u0161triji je, br\u017ei i efikasniji \u2013 zahvaljuju\u0107i \u0161irem segmentu za podrezivanje koji hvata i podrezuje vi\u0161e dla\u010dica pri svakom potezu.* BT5342 ima i kota\u010di\u0107 za precizno pode\u0161avanje na 39 postavki duljine, dugovje\u010dne o\u0161tre o\u0161trice te litij-ionsku bateriju. S perivim \u010de\u0161lji\u0107ima i glavom trimera.<br \/>\n*u odnosu na dosada\u0161nje Braunove trimere<\/p>\n<p>Sadr\u017eaj pakiranja:<br \/>\n1 \u00d7 trimer za bradu i kosu<br \/>\n2 \u00d7 precizni \u010de\u0161lji\u0107 za bradu i kosu<br \/>\n1 \u00d7 brija\u010d Fusion Proglide<br \/>\n1 \u00d7 \u010detkica za \u010di\u0161\u0107enje<br \/>\n1 \u00d7 punja\u010d SmartPlug<br \/>\n1 \u00d7 korisni\u010dki priru\u010dnik<\/p>\n","protected":false},"excerpt":{"rendered":"<p>BT5342 ima i kota\u010di\u0107 za precizno pode\u0161avanje na 39 postavki duljine<br \/>\nO\u0161triji. Br\u017ei. U\u010dinkovitiji.<br \/>\n100% preciznost i kontrola<\/p>\n","protected":false},"featured_media":0,"template":"","meta":{"_seopress_robots_primary_cat":"","_seopress_titles_title":"","_seopress_titles_desc":"","_seopress_robots_index":"","iawp_total_views":0},"product_brand":[144],"product_cat":[280,192,279],"product_tag":[],"class_list":{"0":"post-42530","1":"product","2":"type-product","3":"status-publish","5":"product_brand-braun","6":"product_cat-aparati-za-muskarce-279","7":"product_cat-aparati-za-osobnu-njegu","8":"product_cat-brijanje-i-sisanje-192","10":"first","11":"outofstock","12":"shipping-taxable","13":"purchasable","14":"product-type-simple"},"_links":{"self":[{"href":"https:\/\/singuli.wpress.me\/index.php\/wp-json\/wp\/v2\/product\/42530","targetHints":{"allow":["GET"]}}],"collection":[{"href":"https:\/\/singuli.wpress.me\/index.php\/wp-json\/wp\/v2\/product"}],"about":[{"href":"https:\/\/singuli.wpress.me\/index.php\/wp-json\/wp\/v2\/types\/product"}],"version-history":[{"count":0,"href":"https:\/\/singuli.wpress.me\/index.php\/wp-json\/wp\/v2\/product\/42530\/revisions"}],"wp:attachment":[{"href":"https:\/\/singuli.wpress.me\/index.php\/wp-json\/wp\/v2\/media?parent=42530"}],"wp:term":[{"taxonomy":"product_brand","embeddable":true,"href":"https:\/\/singuli.wpress.me\/index.php\/wp-json\/wp\/v2\/product_brand?post=42530"},{"taxonomy":"product_cat","embeddable":true,"href":"https:\/\/singuli.wpress.me\/index.php\/wp-json\/wp\/v2\/product_cat?post=42530"},{"taxonomy":"product_tag","embeddable":true,"href":"https:\/\/singuli.wpress.me\/index.php\/wp-json\/wp\/v2\/product_tag?post=42530"}],"curies":[{"name":"wp","href":"https:\/\/api.w.org\/{rel}","templated":true}]}}