{"id":42531,"date":"2026-04-19T15:28:12","date_gmt":"2026-04-19T15:28:12","guid":{"rendered":"https:\/\/singuli.wpress.me\/index.php\/proizvod\/spirax-s6-atf-zm-transmisijsko-ulje-209-l\/"},"modified":"2026-04-20T12:33:46","modified_gmt":"2026-04-20T12:33:46","slug":"spirax-s6-atf-zm-transmisijsko-ulje-209-l","status":"publish","type":"product","link":"https:\/\/singuli.wpress.me\/index.php\/proizvod\/spirax-s6-atf-zm-transmisijsko-ulje-209-l\/","title":{"rendered":"SPIRAX S6 ATF ZM, transmisijsko ulje, 209\u00a0l"},"content":{"rendered":"<p><p><span style=\"font-weight: bold\">Potpuno sinteti\u010dko ulje<\/span>, vrhunske kvalitete, dizajnirano u suradnji sa ZF-om za primjenu kod visoko optere\u0107enih automatskih mjenja\u010da i najnovije generacije ZF Ecomat automatskih mjenja\u010da. Omogu\u0107ava produljene intervale izmjene ulja pri najte\u017eim uvjetima rada. Interval zamjene mo\u017ee biti produljen na 150 000 km ili 3 godine (ovisi od toga \u0161to prije nastupi). Karakterizira ga i izvrsna tecljivost pri niskim temperaturama. Sve navedeno omogu\u0107ava lak\u0161e mijenjanje stupnja prijenosa brzine i dulji vijek trajanja transmisije.<\/p>\n<p><span style=\"font-weight: bold\"><br \/>\nSpecifikacija:<\/span> ZF TE-ML 04D, 14E, 16N, 20F, 25F, MAN 339 Typ Z13, MAN 339 tip Z4.<\/p>\n<p><span style=\"font-weight: bold\">Sigurnosno upozorenje:<\/span><\/p>\n<p><img decoding=\"async\" src=\"https:\/\/prod-minio-orbico.nd0.pl\/orbico.ohr\/Piktogrami\/Pozor.png\" alt=\"Pozor\" style=\"max-width: 10%;height: auto\">\n<\/p>\n<p>&nbsp;&#8211; H317 &#8211;&nbsp;Mo\u017ee izazvati alergijsku reakciju.<\/p>\n","protected":false},"excerpt":{"rendered":"<p>Produljuje interval izmjene ulja<br \/>\nIzvrsna tecljivost na niskim temperaturama<br \/>\nTransmisijsko ulje za te\u0161ke uvjete rada<\/p>\n","protected":false},"featured_media":0,"template":"","meta":{"_seopress_robots_primary_cat":"","_seopress_titles_title":"","_seopress_titles_desc":"","_seopress_robots_index":"","iawp_total_views":0},"product_brand":[371],"product_cat":[243,276],"product_tag":[],"class_list":{"0":"post-42531","1":"product","2":"type-product","3":"status-publish","5":"product_brand-spirax","6":"product_cat-automobili-i-motori","7":"product_cat-industrijska-i-specijalna-ulja-243","9":"first","10":"outofstock","11":"shipping-taxable","12":"purchasable","13":"product-type-simple"},"_links":{"self":[{"href":"https:\/\/singuli.wpress.me\/index.php\/wp-json\/wp\/v2\/product\/42531","targetHints":{"allow":["GET"]}}],"collection":[{"href":"https:\/\/singuli.wpress.me\/index.php\/wp-json\/wp\/v2\/product"}],"about":[{"href":"https:\/\/singuli.wpress.me\/index.php\/wp-json\/wp\/v2\/types\/product"}],"version-history":[{"count":0,"href":"https:\/\/singuli.wpress.me\/index.php\/wp-json\/wp\/v2\/product\/42531\/revisions"}],"wp:attachment":[{"href":"https:\/\/singuli.wpress.me\/index.php\/wp-json\/wp\/v2\/media?parent=42531"}],"wp:term":[{"taxonomy":"product_brand","embeddable":true,"href":"https:\/\/singuli.wpress.me\/index.php\/wp-json\/wp\/v2\/product_brand?post=42531"},{"taxonomy":"product_cat","embeddable":true,"href":"https:\/\/singuli.wpress.me\/index.php\/wp-json\/wp\/v2\/product_cat?post=42531"},{"taxonomy":"product_tag","embeddable":true,"href":"https:\/\/singuli.wpress.me\/index.php\/wp-json\/wp\/v2\/product_tag?post=42531"}],"curies":[{"name":"wp","href":"https:\/\/api.w.org\/{rel}","templated":true}]}}