{"id":42533,"date":"2026-04-19T15:28:12","date_gmt":"2026-04-19T15:28:12","guid":{"rendered":"https:\/\/singuli.wpress.me\/index.php\/proizvod\/cunga-lunga-guma-za-zvakanje-3-pack\/"},"modified":"2026-04-20T12:33:46","modified_gmt":"2026-04-20T12:33:46","slug":"cunga-lunga-guma-za-zvakanje-3-pack","status":"publish","type":"product","link":"https:\/\/singuli.wpress.me\/index.php\/proizvod\/cunga-lunga-guma-za-zvakanje-3-pack\/","title":{"rendered":"\u010cUNGA LUNGA, guma za \u017evakanje, 3 pack"},"content":{"rendered":"<p>Ukusne gume u obliku \u010darobnih \u0161tapi\u0107a koje hrane va\u0161u ma\u0161tu. <\/p>\n<p>\u017dva\u010dite, u\u017eivajte i skupljajte naljepnice koje se nalaze u svakom pakiranju \u017evaka\u0107ih guma od 10 komada.<\/p>\n<p>\u010cuvati na suhom i hladnom mjestu.<\/p>\n","protected":false},"excerpt":{"rendered":"<p>Gume u obliku \u010darobnih \u0161tapi\u0107a<br \/>\nSkupljanje naljepnica<br \/>\nJedno pakiranje sadr\u017ei 10 guma za \u017evakanje<\/p>\n","protected":false},"featured_media":0,"template":"","meta":{"_seopress_robots_primary_cat":"","_seopress_titles_title":"","_seopress_titles_desc":"","_seopress_robots_index":"","iawp_total_views":0},"product_brand":[850],"product_cat":[261,277],"product_tag":[],"class_list":{"0":"post-42533","1":"product","2":"type-product","3":"status-publish","5":"product_brand-cunga-lunga","6":"product_cat-hrana-i-pice","7":"product_cat-slatkisi-i-grickalice-261","9":"first","10":"outofstock","11":"shipping-taxable","12":"purchasable","13":"product-type-simple"},"_links":{"self":[{"href":"https:\/\/singuli.wpress.me\/index.php\/wp-json\/wp\/v2\/product\/42533","targetHints":{"allow":["GET"]}}],"collection":[{"href":"https:\/\/singuli.wpress.me\/index.php\/wp-json\/wp\/v2\/product"}],"about":[{"href":"https:\/\/singuli.wpress.me\/index.php\/wp-json\/wp\/v2\/types\/product"}],"version-history":[{"count":0,"href":"https:\/\/singuli.wpress.me\/index.php\/wp-json\/wp\/v2\/product\/42533\/revisions"}],"wp:attachment":[{"href":"https:\/\/singuli.wpress.me\/index.php\/wp-json\/wp\/v2\/media?parent=42533"}],"wp:term":[{"taxonomy":"product_brand","embeddable":true,"href":"https:\/\/singuli.wpress.me\/index.php\/wp-json\/wp\/v2\/product_brand?post=42533"},{"taxonomy":"product_cat","embeddable":true,"href":"https:\/\/singuli.wpress.me\/index.php\/wp-json\/wp\/v2\/product_cat?post=42533"},{"taxonomy":"product_tag","embeddable":true,"href":"https:\/\/singuli.wpress.me\/index.php\/wp-json\/wp\/v2\/product_tag?post=42533"}],"curies":[{"name":"wp","href":"https:\/\/api.w.org\/{rel}","templated":true}]}}