{"id":42534,"date":"2026-04-19T15:28:13","date_gmt":"2026-04-19T15:28:13","guid":{"rendered":"https:\/\/singuli.wpress.me\/index.php\/proizvod\/naturella-higijenski-ulosci-ultra-maxi-32-kom\/"},"modified":"2026-04-20T12:33:46","modified_gmt":"2026-04-20T12:33:46","slug":"naturella-higijenski-ulosci-ultra-maxi-32-kom","status":"publish","type":"product","link":"https:\/\/singuli.wpress.me\/index.php\/proizvod\/naturella-higijenski-ulosci-ultra-maxi-32-kom\/","title":{"rendered":"NATURELLA, higijenski ulo\u0161ci, Ultra Maxi , 32\u00a0kom"},"content":{"rendered":"<p>Higijenski ulo\u0161ci s krilcima Naturella Ultra Maxi Size 3 imaju upijaju\u0107u jezgru \u010dija vlakna s dvostrukim djelovanjem upijaju teku\u0107inu i \u010duvaju oblik ulo\u0161ka, kako biste se osje\u0107ali ugodno pri svakom pokretu. <\/p>\n<p>Higijenski ulo\u0161ci Naturella Ultra tanki su, ugodni i diskretni te nje\u017eni za ko\u017eu intimnih dijelova va\u0161eg tijela. Oni su jedini \u017eenski higijenski proizvod koji sadr\u017ei suhi losion koji dokazano poma\u017ee sprije\u010diti nadra\u017eenost ko\u017ee. <\/p>\n<p>Higijenski ulo\u017eak Naturella Ultra Maxi du\u017ei je od normalnih ulo\u017eaka. <\/p>\n<p>Za dodatnu njegu i za\u0161titu tijekom no\u0107i, isprobajte higijenske ulo\u0161ke Naturella Ultra Night u veli\u010dini 4 s du\u017eim stra\u017enjim dijelom. Ve\u0107i ulo\u017eak za bolju za\u0161titu.<\/p>\n","protected":false},"excerpt":{"rendered":"<p>Veli\u010dina 3<br \/>\nMo\u0107na upijaju\u0107a jezgra<br \/>\nZa cjelodnevni osje\u0107aj sigurnosti<\/p>\n","protected":false},"featured_media":0,"template":"","meta":{"_seopress_robots_primary_cat":"","_seopress_titles_title":"","_seopress_titles_desc":"","_seopress_robots_index":"","iawp_total_views":0},"product_brand":[438],"product_cat":[211,288],"product_tag":[],"class_list":{"0":"post-42534","1":"product","2":"type-product","3":"status-publish","5":"product_brand-naturella","6":"product_cat-njega-majke-i-djeteta","7":"product_cat-zenska-higijena-211","9":"first","10":"instock","11":"shipping-taxable","12":"purchasable","13":"product-type-simple"},"_links":{"self":[{"href":"https:\/\/singuli.wpress.me\/index.php\/wp-json\/wp\/v2\/product\/42534","targetHints":{"allow":["GET"]}}],"collection":[{"href":"https:\/\/singuli.wpress.me\/index.php\/wp-json\/wp\/v2\/product"}],"about":[{"href":"https:\/\/singuli.wpress.me\/index.php\/wp-json\/wp\/v2\/types\/product"}],"version-history":[{"count":0,"href":"https:\/\/singuli.wpress.me\/index.php\/wp-json\/wp\/v2\/product\/42534\/revisions"}],"wp:attachment":[{"href":"https:\/\/singuli.wpress.me\/index.php\/wp-json\/wp\/v2\/media?parent=42534"}],"wp:term":[{"taxonomy":"product_brand","embeddable":true,"href":"https:\/\/singuli.wpress.me\/index.php\/wp-json\/wp\/v2\/product_brand?post=42534"},{"taxonomy":"product_cat","embeddable":true,"href":"https:\/\/singuli.wpress.me\/index.php\/wp-json\/wp\/v2\/product_cat?post=42534"},{"taxonomy":"product_tag","embeddable":true,"href":"https:\/\/singuli.wpress.me\/index.php\/wp-json\/wp\/v2\/product_tag?post=42534"}],"curies":[{"name":"wp","href":"https:\/\/api.w.org\/{rel}","templated":true}]}}