{"id":42535,"date":"2026-04-19T15:28:13","date_gmt":"2026-04-19T15:28:13","guid":{"rendered":"https:\/\/singuli.wpress.me\/index.php\/proizvod\/domo-do482wk-my-tea-cajnik\/"},"modified":"2026-04-20T12:33:46","modified_gmt":"2026-04-20T12:33:46","slug":"domo-do482wk-my-tea-cajnik","status":"publish","type":"product","link":"https:\/\/singuli.wpress.me\/index.php\/proizvod\/domo-do482wk-my-tea-cajnik\/","title":{"rendered":"DOMO DO482WK My Tea, \u010dajnik"},"content":{"rendered":"<p>Uz Domo DO482WK mo\u017eete jednostavno pripremiti jednu \u0161alicu od 200\u00a0ml kipu\u0107e vode (100\u00a0\u00b0C) pritiskom na tipku. U\u00a0samo 45\u00a0sekundi\u00a0mo\u017eete lako\u00a0prokuhati\u00a0samo\u00a0vodu\u00a0koja vam je potrebna, \u0161to rezultira iznimno u\u010dinkovitom potro\u0161njom vode i\u00a0energije. Osim za \u010daj, koristan je\u00a0i\u00a0za druge tople napitke:\u00a0minutnu juhu, instant kavu i\u00a0instant \u010dokoladno mlijeko.<\/p>\n","protected":false},"excerpt":{"rendered":"<p>Super brza i jednostavna primjena<br \/>\nSavr\u0161ena koli\u010dina, ravno u va\u0161u \u0161alicu, u samo 45 sekundi<br \/>\nZakuha samo onoliko vode koliko vam je potrebno, \u0161to ga \u010dini iznimno u\u010dinkovitim u potro\u0161nji vode i energije<\/p>\n","protected":false},"featured_media":0,"template":"","meta":{"_seopress_robots_primary_cat":"","_seopress_titles_title":"","_seopress_titles_desc":"","_seopress_robots_index":"","iawp_total_views":0},"product_brand":[255],"product_cat":[192,267],"product_tag":[],"class_list":{"0":"post-42535","1":"product","2":"type-product","3":"status-publish","5":"product_brand-domo","6":"product_cat-aparati-za-osobnu-njegu","7":"product_cat-zdravstveni-uredaji-192","9":"first","10":"outofstock","11":"shipping-taxable","12":"purchasable","13":"product-type-simple"},"_links":{"self":[{"href":"https:\/\/singuli.wpress.me\/index.php\/wp-json\/wp\/v2\/product\/42535","targetHints":{"allow":["GET"]}}],"collection":[{"href":"https:\/\/singuli.wpress.me\/index.php\/wp-json\/wp\/v2\/product"}],"about":[{"href":"https:\/\/singuli.wpress.me\/index.php\/wp-json\/wp\/v2\/types\/product"}],"version-history":[{"count":0,"href":"https:\/\/singuli.wpress.me\/index.php\/wp-json\/wp\/v2\/product\/42535\/revisions"}],"wp:attachment":[{"href":"https:\/\/singuli.wpress.me\/index.php\/wp-json\/wp\/v2\/media?parent=42535"}],"wp:term":[{"taxonomy":"product_brand","embeddable":true,"href":"https:\/\/singuli.wpress.me\/index.php\/wp-json\/wp\/v2\/product_brand?post=42535"},{"taxonomy":"product_cat","embeddable":true,"href":"https:\/\/singuli.wpress.me\/index.php\/wp-json\/wp\/v2\/product_cat?post=42535"},{"taxonomy":"product_tag","embeddable":true,"href":"https:\/\/singuli.wpress.me\/index.php\/wp-json\/wp\/v2\/product_tag?post=42535"}],"curies":[{"name":"wp","href":"https:\/\/api.w.org\/{rel}","templated":true}]}}