{"id":42536,"date":"2026-04-19T15:28:14","date_gmt":"2026-04-19T15:28:14","guid":{"rendered":"https:\/\/singuli.wpress.me\/index.php\/proizvod\/paclan-vrece-za-smece-eco-line-120-l\/"},"modified":"2026-04-20T12:33:46","modified_gmt":"2026-04-20T12:33:46","slug":"paclan-vrece-za-smece-eco-line-120-l","status":"publish","type":"product","link":"https:\/\/singuli.wpress.me\/index.php\/proizvod\/paclan-vrece-za-smece-eco-line-120-l\/","title":{"rendered":"PACLAN, vre\u0107e za sme\u0107e, Eco line, 120\u00a0l"},"content":{"rendered":"<p>Vre\u0107e za sme\u0107e s vezicom veli\u010dine 120 litara. Znate taj osje\u0107aj, kada se susjed mr\u0161ti na sme\u0107e koje nosite? Pa, ne mo\u017ee\u0161 ga stvarno kriviti, zar ne? Mnogo mo\u017eete re\u0107i o \u010dovjeku na temelju njegovog sme\u0107a. Crne Eco line vre\u0107e za sme\u0107e osigurat \u0107e va\u0161u privatnost. Povrh toga, one su ekolo\u0161ke i imaju prakti\u010dnu vrpcu.<\/p>\n","protected":false},"excerpt":{"rendered":"<p>Prakti\u010dna vrpca<br \/>\nPakiranje od 10 komada<br \/>\nEkolo\u0161ke<\/p>\n","protected":false},"featured_media":0,"template":"","meta":{"_seopress_robots_primary_cat":"","_seopress_titles_title":"","_seopress_titles_desc":"","_seopress_robots_index":"","iawp_total_views":0},"product_brand":[474],"product_cat":[274,238],"product_tag":[],"class_list":{"0":"post-42536","1":"product","2":"type-product","3":"status-publish","5":"product_brand-paclan","6":"product_cat-kucanski-pribor-238","7":"product_cat-sve-za-dom","9":"first","10":"instock","11":"shipping-taxable","12":"purchasable","13":"product-type-simple"},"_links":{"self":[{"href":"https:\/\/singuli.wpress.me\/index.php\/wp-json\/wp\/v2\/product\/42536","targetHints":{"allow":["GET"]}}],"collection":[{"href":"https:\/\/singuli.wpress.me\/index.php\/wp-json\/wp\/v2\/product"}],"about":[{"href":"https:\/\/singuli.wpress.me\/index.php\/wp-json\/wp\/v2\/types\/product"}],"version-history":[{"count":0,"href":"https:\/\/singuli.wpress.me\/index.php\/wp-json\/wp\/v2\/product\/42536\/revisions"}],"wp:attachment":[{"href":"https:\/\/singuli.wpress.me\/index.php\/wp-json\/wp\/v2\/media?parent=42536"}],"wp:term":[{"taxonomy":"product_brand","embeddable":true,"href":"https:\/\/singuli.wpress.me\/index.php\/wp-json\/wp\/v2\/product_brand?post=42536"},{"taxonomy":"product_cat","embeddable":true,"href":"https:\/\/singuli.wpress.me\/index.php\/wp-json\/wp\/v2\/product_cat?post=42536"},{"taxonomy":"product_tag","embeddable":true,"href":"https:\/\/singuli.wpress.me\/index.php\/wp-json\/wp\/v2\/product_tag?post=42536"}],"curies":[{"name":"wp","href":"https:\/\/api.w.org\/{rel}","templated":true}]}}