{"id":42537,"date":"2026-04-19T15:28:14","date_gmt":"2026-04-19T15:28:14","guid":{"rendered":"https:\/\/singuli.wpress.me\/index.php\/proizvod\/ariel-mountain-spring-praskasti-deterdzent-2-475kg-45-pranja\/"},"modified":"2026-04-21T00:27:18","modified_gmt":"2026-04-21T00:27:18","slug":"ariel-mountain-spring-praskasti-deterdzent-2-475kg-45-pranja","status":"publish","type":"product","link":"https:\/\/singuli.wpress.me\/index.php\/proizvod\/ariel-mountain-spring-praskasti-deterdzent-2-475kg-45-pranja\/","title":{"rendered":"ARIEL Mountain Spring, pra\u0161kasti deterd\u017eent, 2.475kg, 45\u00a0pranja"},"content":{"rendered":"<p><span style=\"font-weight: bold\">Ariel Mountain Spring, pra\u0161kasti deterd\u017eent<\/span> s tehnologijom protiv tragova deterd\u017eenta donosi blistavu Arielovu \u010disto\u0107u pri pranju na hladnijim temperaturama. <span style=\"font-weight: bold\">Inovativna formula AquaPuder<\/span> brzo se otapa u kontaktu s vodom, aktivira se u trenu i prodire duboko u vlakna za izvanrednu \u010disto\u0107u \u010dak i pri ni\u017eim temperaturama. Pra\u0161kasti deterd\u017eent Ariel <span style=\"font-weight: bold\">uklanja tvrdokorne mrlje<\/span>, \u010dak i one od znoja i tjelesnih mirisa koje uzrokuju neugodne mirise. Njegova jedinstvena tehnologija protiv tragova deterd\u017eenta poma\u017ee sprije\u010diti zadr\u017eavanje tragova pra\u0161ka. Snizite temperaturu pranja na 30 \u00b0C i u\u0161tedite do 60% energije! (Potro\u0161nja energije perilice rublja, od 60 \u00b0C do 30 \u00b0C, normalni program pranja). Osim toga, Ariel Mountain Spring dolazi u pakiranju koje se mo\u017ee reciklirati, a dostupan je i kao teku\u0107i deterd\u017eent i u obliku kapsula.<\/p>\n","protected":false},"excerpt":{"rendered":"<p>Omogu\u0107ava vrhunsko uklanjanje mrlja ve\u0107 u prvom pranju, \u010dak i pri ni\u017eoj temperaturi<br \/>\nBlistavo \u010di\u0161\u0107enje na ni\u017eim temperaturama omogu\u0107uje u\u0161tedu energije<br \/>\nDubinsko \u010di\u0161\u0107enje za higijenu i obnavljanje bjeline<\/p>\n","protected":false},"featured_media":0,"template":"","meta":{"_seopress_robots_primary_cat":"","_seopress_titles_title":"","_seopress_titles_desc":"","_seopress_robots_index":"","iawp_total_views":0},"product_brand":[427],"product_cat":[283,238],"product_tag":[],"class_list":{"0":"post-42537","1":"product","2":"type-product","3":"status-publish","5":"product_brand-ariel","6":"product_cat-pranje-rublja-238","7":"product_cat-sve-za-dom","9":"first","10":"outofstock","11":"shipping-taxable","12":"purchasable","13":"product-type-simple"},"_links":{"self":[{"href":"https:\/\/singuli.wpress.me\/index.php\/wp-json\/wp\/v2\/product\/42537","targetHints":{"allow":["GET"]}}],"collection":[{"href":"https:\/\/singuli.wpress.me\/index.php\/wp-json\/wp\/v2\/product"}],"about":[{"href":"https:\/\/singuli.wpress.me\/index.php\/wp-json\/wp\/v2\/types\/product"}],"version-history":[{"count":0,"href":"https:\/\/singuli.wpress.me\/index.php\/wp-json\/wp\/v2\/product\/42537\/revisions"}],"wp:attachment":[{"href":"https:\/\/singuli.wpress.me\/index.php\/wp-json\/wp\/v2\/media?parent=42537"}],"wp:term":[{"taxonomy":"product_brand","embeddable":true,"href":"https:\/\/singuli.wpress.me\/index.php\/wp-json\/wp\/v2\/product_brand?post=42537"},{"taxonomy":"product_cat","embeddable":true,"href":"https:\/\/singuli.wpress.me\/index.php\/wp-json\/wp\/v2\/product_cat?post=42537"},{"taxonomy":"product_tag","embeddable":true,"href":"https:\/\/singuli.wpress.me\/index.php\/wp-json\/wp\/v2\/product_tag?post=42537"}],"curies":[{"name":"wp","href":"https:\/\/api.w.org\/{rel}","templated":true}]}}