{"id":42538,"date":"2026-04-19T15:28:15","date_gmt":"2026-04-19T15:28:15","guid":{"rendered":"https:\/\/singuli.wpress.me\/index.php\/proizvod\/gadusrail-s3-eudb-mast-za-osovine-i-lezajeve-kotaca-vagona-180-kg\/"},"modified":"2026-04-20T12:33:46","modified_gmt":"2026-04-20T12:33:46","slug":"gadusrail-s3-eudb-mast-za-osovine-i-lezajeve-kotaca-vagona-180-kg","status":"publish","type":"product","link":"https:\/\/singuli.wpress.me\/index.php\/proizvod\/gadusrail-s3-eudb-mast-za-osovine-i-lezajeve-kotaca-vagona-180-kg\/","title":{"rendered":"GADUSRAIL S3 EUDB, mast za osovine i le\u017eajeve kota\u010da vagona, 180\u00a0kg"},"content":{"rendered":"<p>Vrhunska mast za podmazivanje osovina i le\u017eajeva kota\u010da vagona s ekstremnim tlakom na bazi litijevog zgu\u0161njiva\u010da za velike intervale podmazivanja. Otpornost proizvoda na starenje, za\u0161tita od tro\u0161enja i antikorozivna za\u0161tita mnogo su pobolj\u0161ani odabranim aditivima.<\/p>\n<p><span style=\"font-weight: bold\">Specifikacija: <\/span>DIN EN 12081:2011-01 a<\/p>\n","protected":false},"excerpt":{"rendered":"<p>Mast za podmazivanje osovina i le\u017eajeva kota\u010da vagona s ekstremnim  tlakom<br \/>\nOtpornost na starenje<br \/>\nPrimjenjuje se za vagone \u010dija max brzina ne prelazi 200 km\/h<\/p>\n","protected":false},"featured_media":0,"template":"","meta":{"_seopress_robots_primary_cat":"","_seopress_titles_title":"","_seopress_titles_desc":"","_seopress_robots_index":"","iawp_total_views":0},"product_brand":[824],"product_cat":[221,268,278,263],"product_tag":[],"class_list":{"0":"post-42538","1":"product","2":"type-product","3":"status-publish","5":"product_brand-gadusrail","6":"product_cat-igracke","7":"product_cat-kozmetika-2","8":"product_cat-njega-tijela-268","9":"product_cat-tematske-igracke-221","11":"first","12":"outofstock","13":"shipping-taxable","14":"purchasable","15":"product-type-simple"},"_links":{"self":[{"href":"https:\/\/singuli.wpress.me\/index.php\/wp-json\/wp\/v2\/product\/42538","targetHints":{"allow":["GET"]}}],"collection":[{"href":"https:\/\/singuli.wpress.me\/index.php\/wp-json\/wp\/v2\/product"}],"about":[{"href":"https:\/\/singuli.wpress.me\/index.php\/wp-json\/wp\/v2\/types\/product"}],"version-history":[{"count":0,"href":"https:\/\/singuli.wpress.me\/index.php\/wp-json\/wp\/v2\/product\/42538\/revisions"}],"wp:attachment":[{"href":"https:\/\/singuli.wpress.me\/index.php\/wp-json\/wp\/v2\/media?parent=42538"}],"wp:term":[{"taxonomy":"product_brand","embeddable":true,"href":"https:\/\/singuli.wpress.me\/index.php\/wp-json\/wp\/v2\/product_brand?post=42538"},{"taxonomy":"product_cat","embeddable":true,"href":"https:\/\/singuli.wpress.me\/index.php\/wp-json\/wp\/v2\/product_cat?post=42538"},{"taxonomy":"product_tag","embeddable":true,"href":"https:\/\/singuli.wpress.me\/index.php\/wp-json\/wp\/v2\/product_tag?post=42538"}],"curies":[{"name":"wp","href":"https:\/\/api.w.org\/{rel}","templated":true}]}}